{"id":784,"date":"2024-05-24T13:38:26","date_gmt":"2024-05-24T11:38:26","guid":{"rendered":"https:\/\/aesthetics-paradise.com\/?post_type=product&#038;p=784"},"modified":"2024-05-24T13:38:49","modified_gmt":"2024-05-24T11:38:49","slug":"wampirzy-lifting","status":"publish","type":"product","link":"https:\/\/aesthetics-paradise.com\/pl\/produkt\/wampirzy-lifting\/","title":{"rendered":"Wampirzy lifting"},"content":{"rendered":"<p><strong>Osocze bogatop<\/strong><strong>\u0142<\/strong><strong>ytkowe PRP<\/strong>\u00a0(Platelet Rich Plasma)\u00a0 \u00a0jest jedn\u0105 z najbardziej naturalnych terapii i posiada szerokie zastosowanie. Zawarte w nim czynniki wzrostu wspomagaj\u0105 namna\u017canie kom\u00f3rek macierzystych i pobudzaj\u0105 fibroblasty do wytwarzania nowego kolagenu.<br \/>\nZabiegi osoczem doskonale sprawdzaj\u0105 si\u0119 w ramach zabieg\u00f3w regeneracji, rewitalizacji sk\u00f3ry oraz w celu op\u00f3\u017anienia procesu starzenia.<\/p>\n<p>Fibryna bogatop\u0142ytkowa <strong>I-PRF<\/strong>\u00a0(Injectable Platelet Rich Fibrin) uzyskiwana w podobny spos\u00f3b jak\u00a0<strong>osocze<\/strong>, bo z w\u0142asnej krwi. Zawieszone na w\u0142\u00f3knach fibryny p\u0142ytki krwi powoli uwalniaj\u0105 czynniki wzrostu. Dzi\u0119ki temu powolnemu uwalnianiu, uzyskujemy silniejsze efekty stymuluj\u0105ce i regeneracj\u0119.<\/p>\n","protected":false},"excerpt":{"rendered":"<p>Osocze bogatop\u0142ytkowe PRP\u00a0(Platelet Rich Plasma)\u00a0 \u00a0jest jedn\u0105 z najbardziej naturalnych terapii i posiada szerokie zastosowanie. Zawarte w nim czynniki wzrostu [&hellip;]<\/p>\n","protected":false},"featured_media":779,"comment_status":"open","ping_status":"closed","template":"","meta":{"site-sidebar-layout":"default","site-content-layout":"","ast-site-content-layout":"default","site-content-style":"default","site-sidebar-style":"default","ast-global-header-display":"","ast-banner-title-visibility":"","ast-main-header-display":"","ast-hfb-above-header-display":"","ast-hfb-below-header-display":"","ast-hfb-mobile-header-display":"","site-post-title":"","ast-breadcrumbs-content":"","ast-featured-img":"","footer-sml-layout":"","theme-transparent-header-meta":"default","adv-header-id-meta":"","stick-header-meta":"","header-above-stick-meta":"","header-main-stick-meta":"","header-below-stick-meta":"","astra-migrate-meta-layouts":"set","ast-page-background-enabled":"default","ast-page-background-meta":{"desktop":{"background-color":"var(--ast-global-color-4)","background-image":"","background-repeat":"repeat","background-position":"center center","background-size":"auto","background-attachment":"scroll","background-type":"","background-media":"","overlay-type":"","overlay-color":"","overlay-gradient":""},"tablet":{"background-color":"","background-image":"","background-repeat":"repeat","background-position":"center center","background-size":"auto","background-attachment":"scroll","background-type":"","background-media":"","overlay-type":"","overlay-color":"","overlay-gradient":""},"mobile":{"background-color":"","background-image":"","background-repeat":"repeat","background-position":"center center","background-size":"auto","background-attachment":"scroll","background-type":"","background-media":"","overlay-type":"","overlay-color":"","overlay-gradient":""}},"ast-content-background-meta":{"desktop":{"background-color":"var(--ast-global-color-5)","background-image":"","background-repeat":"repeat","background-position":"center center","background-size":"auto","background-attachment":"scroll","background-type":"","background-media":"","overlay-type":"","overlay-color":"","overlay-gradient":""},"tablet":{"background-color":"var(--ast-global-color-5)","background-image":"","background-repeat":"repeat","background-position":"center center","background-size":"auto","background-attachment":"scroll","background-type":"","background-media":"","overlay-type":"","overlay-color":"","overlay-gradient":""},"mobile":{"background-color":"var(--ast-global-color-5)","background-image":"","background-repeat":"repeat","background-position":"center center","background-size":"auto","background-attachment":"scroll","background-type":"","background-media":"","overlay-type":"","overlay-color":"","overlay-gradient":""}}},"product_cat":[33],"product_tag":[],"class_list":{"0":"post-784","1":"product","2":"type-product","3":"status-publish","4":"has-post-thumbnail","6":"product_cat-zabiegi-autologiczne","7":"desktop-align-left","8":"tablet-align-left","9":"mobile-align-left","11":"first","12":"instock","13":"shipping-taxable","14":"purchasable","15":"product-type-simple"},"_links":{"self":[{"href":"https:\/\/aesthetics-paradise.com\/pl\/wp-json\/wp\/v2\/product\/784","targetHints":{"allow":["GET"]}}],"collection":[{"href":"https:\/\/aesthetics-paradise.com\/pl\/wp-json\/wp\/v2\/product"}],"about":[{"href":"https:\/\/aesthetics-paradise.com\/pl\/wp-json\/wp\/v2\/types\/product"}],"replies":[{"embeddable":true,"href":"https:\/\/aesthetics-paradise.com\/pl\/wp-json\/wp\/v2\/comments?post=784"}],"wp:featuredmedia":[{"embeddable":true,"href":"https:\/\/aesthetics-paradise.com\/pl\/wp-json\/wp\/v2\/media\/779"}],"wp:attachment":[{"href":"https:\/\/aesthetics-paradise.com\/pl\/wp-json\/wp\/v2\/media?parent=784"}],"wp:term":[{"taxonomy":"product_cat","embeddable":true,"href":"https:\/\/aesthetics-paradise.com\/pl\/wp-json\/wp\/v2\/product_cat?post=784"},{"taxonomy":"product_tag","embeddable":true,"href":"https:\/\/aesthetics-paradise.com\/pl\/wp-json\/wp\/v2\/product_tag?post=784"}],"curies":[{"name":"wp","href":"https:\/\/api.w.org\/{rel}","templated":true}]}}