{"id":774,"date":"2024-05-24T13:28:12","date_gmt":"2024-05-24T11:28:12","guid":{"rendered":"https:\/\/aesthetics-paradise.com\/?post_type=product&#038;p=774"},"modified":"2024-06-07T16:08:02","modified_gmt":"2024-06-07T14:08:02","slug":"jalupro","status":"publish","type":"product","link":"https:\/\/aesthetics-paradise.com\/pl\/produkt\/jalupro\/","title":{"rendered":"Jalupro"},"content":{"rendered":"<p>Stymulatory tkankowe to specjalna grupa preparat\u00f3w w medycynie estetycznej. Podawane s\u0105 w sk\u00f3r\u0119 przy pomocy ig\u0142y, ale nie wype\u0142niaj\u0105 zmarszczek jak np. kwas hialuronowy. Daj\u0105 niezwykle naturalne efekty na d\u0142ugi czas. Stymulatory pozwalaj\u0105 d\u0142u\u017cej cieszy\u0107 si\u0119 m\u0142odym i naturalnym wygl\u0105dem i zdecydowanie warto je rozwa\u017cy\u0107 do zastosowania u siebie. Podane ig\u0142\u0105 w sk\u00f3r\u0119 (np. twarzy, ale tak\u017ce innych obszar\u00f3w cia\u0142a) maj\u0105 za zadanie wywo\u0142a\u0107 kontrolowany stan zapalny, kt\u00f3ry powoduje, \u017ce nasza sk\u00f3ra zaczyna wytwarza\u0107 kolagen i elastyn\u0119.<\/p>\n","protected":false},"excerpt":{"rendered":"<p>Stymulatory tkankowe to specjalna grupa preparat\u00f3w w medycynie estetycznej. Podawane s\u0105 w sk\u00f3r\u0119 przy pomocy ig\u0142y, ale nie wype\u0142niaj\u0105 zmarszczek [&hellip;]<\/p>\n","protected":false},"featured_media":768,"comment_status":"open","ping_status":"closed","template":"","meta":{"site-sidebar-layout":"default","site-content-layout":"","ast-site-content-layout":"default","site-content-style":"default","site-sidebar-style":"default","ast-global-header-display":"","ast-banner-title-visibility":"","ast-main-header-display":"","ast-hfb-above-header-display":"","ast-hfb-below-header-display":"","ast-hfb-mobile-header-display":"","site-post-title":"","ast-breadcrumbs-content":"","ast-featured-img":"","footer-sml-layout":"","theme-transparent-header-meta":"default","adv-header-id-meta":"","stick-header-meta":"","header-above-stick-meta":"","header-main-stick-meta":"","header-below-stick-meta":"","astra-migrate-meta-layouts":"set","ast-page-background-enabled":"default","ast-page-background-meta":{"desktop":{"background-color":"var(--ast-global-color-4)","background-image":"","background-repeat":"repeat","background-position":"center center","background-size":"auto","background-attachment":"scroll","background-type":"","background-media":"","overlay-type":"","overlay-color":"","overlay-gradient":""},"tablet":{"background-color":"","background-image":"","background-repeat":"repeat","background-position":"center center","background-size":"auto","background-attachment":"scroll","background-type":"","background-media":"","overlay-type":"","overlay-color":"","overlay-gradient":""},"mobile":{"background-color":"","background-image":"","background-repeat":"repeat","background-position":"center center","background-size":"auto","background-attachment":"scroll","background-type":"","background-media":"","overlay-type":"","overlay-color":"","overlay-gradient":""}},"ast-content-background-meta":{"desktop":{"background-color":"var(--ast-global-color-5)","background-image":"","background-repeat":"repeat","background-position":"center center","background-size":"auto","background-attachment":"scroll","background-type":"","background-media":"","overlay-type":"","overlay-color":"","overlay-gradient":""},"tablet":{"background-color":"var(--ast-global-color-5)","background-image":"","background-repeat":"repeat","background-position":"center center","background-size":"auto","background-attachment":"scroll","background-type":"","background-media":"","overlay-type":"","overlay-color":"","overlay-gradient":""},"mobile":{"background-color":"var(--ast-global-color-5)","background-image":"","background-repeat":"repeat","background-position":"center center","background-size":"auto","background-attachment":"scroll","background-type":"","background-media":"","overlay-type":"","overlay-color":"","overlay-gradient":""}}},"product_cat":[32],"product_tag":[],"class_list":{"0":"post-774","1":"product","2":"type-product","3":"status-publish","4":"has-post-thumbnail","6":"product_cat-stymulatory-tkankowe","7":"desktop-align-left","8":"tablet-align-left","9":"mobile-align-left","11":"first","12":"instock","13":"shipping-taxable","14":"purchasable","15":"product-type-simple"},"_links":{"self":[{"href":"https:\/\/aesthetics-paradise.com\/pl\/wp-json\/wp\/v2\/product\/774","targetHints":{"allow":["GET"]}}],"collection":[{"href":"https:\/\/aesthetics-paradise.com\/pl\/wp-json\/wp\/v2\/product"}],"about":[{"href":"https:\/\/aesthetics-paradise.com\/pl\/wp-json\/wp\/v2\/types\/product"}],"replies":[{"embeddable":true,"href":"https:\/\/aesthetics-paradise.com\/pl\/wp-json\/wp\/v2\/comments?post=774"}],"wp:featuredmedia":[{"embeddable":true,"href":"https:\/\/aesthetics-paradise.com\/pl\/wp-json\/wp\/v2\/media\/768"}],"wp:attachment":[{"href":"https:\/\/aesthetics-paradise.com\/pl\/wp-json\/wp\/v2\/media?parent=774"}],"wp:term":[{"taxonomy":"product_cat","embeddable":true,"href":"https:\/\/aesthetics-paradise.com\/pl\/wp-json\/wp\/v2\/product_cat?post=774"},{"taxonomy":"product_tag","embeddable":true,"href":"https:\/\/aesthetics-paradise.com\/pl\/wp-json\/wp\/v2\/product_tag?post=774"}],"curies":[{"name":"wp","href":"https:\/\/api.w.org\/{rel}","templated":true}]}}