{"id":757,"date":"2024-05-24T12:37:33","date_gmt":"2024-05-24T10:37:33","guid":{"rendered":"https:\/\/aesthetics-paradise.com\/?post_type=product&#038;p=757"},"modified":"2024-10-01T00:06:10","modified_gmt":"2024-09-30T22:06:10","slug":"nici-pdo-50szt","status":"publish","type":"product","link":"https:\/\/aesthetics-paradise.com\/pl\/produkt\/nici-pdo-50szt\/","title":{"rendered":"Nici PDO 50szt."},"content":{"rendered":"<p>Nici PDO, kt\u00f3re w ma\u0142o inwazyjny spos\u00f3b poprawiaj\u0105 napi\u0119cie sk\u00f3ry oraz jej j\u0119drno\u015b\u0107 i elastyczno\u015b\u0107. Wykonane z materia\u0142u o nazwie\u00a0<strong>polidioksanon<\/strong>. Innowacyjne nici PDO s\u0105 bezpieczne dla ludzkiego organizmu, poniewa\u017c\u00a0<strong>rozpuszczaj<\/strong><strong>\u0105<\/strong><strong> si<\/strong><strong>\u0119<\/strong><strong> w tkankach<\/strong><strong>. <\/strong>Zabieg ni\u0107mi PDO\u00a0mo\u017ce by\u0107 stosowany jako jedyny lub te\u017c jako dodatek do innych technik medycyny estetycznej. Mo\u017cna je stosowa\u0107 w obr\u0119bie twarzy i szyi, a tak\u017ce ca\u0142ego cia\u0142a.<\/p>\n","protected":false},"excerpt":{"rendered":"<p>Nici PDO, kt\u00f3re w ma\u0142o inwazyjny spos\u00f3b poprawiaj\u0105 napi\u0119cie sk\u00f3ry oraz jej j\u0119drno\u015b\u0107 i elastyczno\u015b\u0107. Wykonane z materia\u0142u o nazwie\u00a0polidioksanon. [&hellip;]<\/p>\n","protected":false},"featured_media":753,"comment_status":"open","ping_status":"closed","template":"","meta":{"site-sidebar-layout":"default","site-content-layout":"","ast-site-content-layout":"default","site-content-style":"default","site-sidebar-style":"default","ast-global-header-display":"","ast-banner-title-visibility":"","ast-main-header-display":"","ast-hfb-above-header-display":"","ast-hfb-below-header-display":"","ast-hfb-mobile-header-display":"","site-post-title":"","ast-breadcrumbs-content":"","ast-featured-img":"","footer-sml-layout":"","theme-transparent-header-meta":"default","adv-header-id-meta":"","stick-header-meta":"","header-above-stick-meta":"","header-main-stick-meta":"","header-below-stick-meta":"","astra-migrate-meta-layouts":"set","ast-page-background-enabled":"default","ast-page-background-meta":{"desktop":{"background-color":"var(--ast-global-color-4)","background-image":"","background-repeat":"repeat","background-position":"center center","background-size":"auto","background-attachment":"scroll","background-type":"","background-media":"","overlay-type":"","overlay-color":"","overlay-gradient":""},"tablet":{"background-color":"","background-image":"","background-repeat":"repeat","background-position":"center center","background-size":"auto","background-attachment":"scroll","background-type":"","background-media":"","overlay-type":"","overlay-color":"","overlay-gradient":""},"mobile":{"background-color":"","background-image":"","background-repeat":"repeat","background-position":"center center","background-size":"auto","background-attachment":"scroll","background-type":"","background-media":"","overlay-type":"","overlay-color":"","overlay-gradient":""}},"ast-content-background-meta":{"desktop":{"background-color":"var(--ast-global-color-5)","background-image":"","background-repeat":"repeat","background-position":"center center","background-size":"auto","background-attachment":"scroll","background-type":"","background-media":"","overlay-type":"","overlay-color":"","overlay-gradient":""},"tablet":{"background-color":"var(--ast-global-color-5)","background-image":"","background-repeat":"repeat","background-position":"center center","background-size":"auto","background-attachment":"scroll","background-type":"","background-media":"","overlay-type":"","overlay-color":"","overlay-gradient":""},"mobile":{"background-color":"var(--ast-global-color-5)","background-image":"","background-repeat":"repeat","background-position":"center center","background-size":"auto","background-attachment":"scroll","background-type":"","background-media":"","overlay-type":"","overlay-color":"","overlay-gradient":""}}},"product_cat":[29],"product_tag":[],"class_list":{"0":"post-757","1":"product","2":"type-product","3":"status-publish","4":"has-post-thumbnail","6":"product_cat-nici-pdo","7":"desktop-align-left","8":"tablet-align-left","9":"mobile-align-left","11":"first","12":"instock","13":"shipping-taxable","14":"purchasable","15":"product-type-simple"},"_links":{"self":[{"href":"https:\/\/aesthetics-paradise.com\/pl\/wp-json\/wp\/v2\/product\/757","targetHints":{"allow":["GET"]}}],"collection":[{"href":"https:\/\/aesthetics-paradise.com\/pl\/wp-json\/wp\/v2\/product"}],"about":[{"href":"https:\/\/aesthetics-paradise.com\/pl\/wp-json\/wp\/v2\/types\/product"}],"replies":[{"embeddable":true,"href":"https:\/\/aesthetics-paradise.com\/pl\/wp-json\/wp\/v2\/comments?post=757"}],"wp:featuredmedia":[{"embeddable":true,"href":"https:\/\/aesthetics-paradise.com\/pl\/wp-json\/wp\/v2\/media\/753"}],"wp:attachment":[{"href":"https:\/\/aesthetics-paradise.com\/pl\/wp-json\/wp\/v2\/media?parent=757"}],"wp:term":[{"taxonomy":"product_cat","embeddable":true,"href":"https:\/\/aesthetics-paradise.com\/pl\/wp-json\/wp\/v2\/product_cat?post=757"},{"taxonomy":"product_tag","embeddable":true,"href":"https:\/\/aesthetics-paradise.com\/pl\/wp-json\/wp\/v2\/product_tag?post=757"}],"curies":[{"name":"wp","href":"https:\/\/api.w.org\/{rel}","templated":true}]}}