{"id":744,"date":"2024-05-24T12:21:12","date_gmt":"2024-05-24T10:21:12","guid":{"rendered":"https:\/\/aesthetics-paradise.com\/?post_type=product&#038;p=744"},"modified":"2024-06-11T16:26:56","modified_gmt":"2024-06-11T14:26:56","slug":"lipoliza-iniekcyjna-srednia-okolica-caly-brzuch-wewnetrzna-zewnetrza-czesc-ud","status":"publish","type":"product","link":"https:\/\/aesthetics-paradise.com\/pl\/produkt\/lipoliza-iniekcyjna-srednia-okolica-caly-brzuch-wewnetrzna-zewnetrza-czesc-ud\/","title":{"rendered":"Lipoliza iniekcyjna du\u017ca okolica (ca\u0142y brzuch, wewn\u0119trzna\/zewn\u0119trza cz\u0119\u015b\u0107 ud)"},"content":{"rendered":"<p>To jedna z najnowocze\u015bniejszych metod redukcji tkanki t\u0142uszczowej, wykorzystywana w medycynie estetycznej.\u00a0 Mog\u0105 z niej skorzysta\u0107 osoby z normaln\u0105 wag\u0105 lub lekk\u0105 nadwag\u0105. Niestety, lipoliza nie jest skuteczna u ludzi z oty\u0142o\u015bci\u0105, poniewa\u017c aby zabieg m\u00f3g\u0142 si\u0119 odby\u0107, potrzebne jest miejscowe ot\u0142uszczenie cia\u0142a. Najcz\u0119\u015bciej wykonuje si\u0119 j\u0105 w miejscach takich, jak: podbr\u00f3dek; broda; boczki; brzuch; po\u015bladki; uda; okolice pach; obszary nad kolanami.<\/p>\n","protected":false},"excerpt":{"rendered":"<p>To jedna z najnowocze\u015bniejszych metod redukcji tkanki t\u0142uszczowej, wykorzystywana w medycynie estetycznej.\u00a0 Mog\u0105 z niej skorzysta\u0107 osoby z normaln\u0105 wag\u0105 [&hellip;]<\/p>\n","protected":false},"featured_media":1210,"comment_status":"open","ping_status":"closed","template":"","meta":{"site-sidebar-layout":"default","site-content-layout":"","ast-site-content-layout":"default","site-content-style":"default","site-sidebar-style":"default","ast-global-header-display":"","ast-banner-title-visibility":"","ast-main-header-display":"","ast-hfb-above-header-display":"","ast-hfb-below-header-display":"","ast-hfb-mobile-header-display":"","site-post-title":"","ast-breadcrumbs-content":"","ast-featured-img":"","footer-sml-layout":"","theme-transparent-header-meta":"default","adv-header-id-meta":"","stick-header-meta":"","header-above-stick-meta":"","header-main-stick-meta":"","header-below-stick-meta":"","astra-migrate-meta-layouts":"set","ast-page-background-enabled":"default","ast-page-background-meta":{"desktop":{"background-color":"var(--ast-global-color-4)","background-image":"","background-repeat":"repeat","background-position":"center center","background-size":"auto","background-attachment":"scroll","background-type":"","background-media":"","overlay-type":"","overlay-color":"","overlay-gradient":""},"tablet":{"background-color":"","background-image":"","background-repeat":"repeat","background-position":"center center","background-size":"auto","background-attachment":"scroll","background-type":"","background-media":"","overlay-type":"","overlay-color":"","overlay-gradient":""},"mobile":{"background-color":"","background-image":"","background-repeat":"repeat","background-position":"center center","background-size":"auto","background-attachment":"scroll","background-type":"","background-media":"","overlay-type":"","overlay-color":"","overlay-gradient":""}},"ast-content-background-meta":{"desktop":{"background-color":"var(--ast-global-color-5)","background-image":"","background-repeat":"repeat","background-position":"center center","background-size":"auto","background-attachment":"scroll","background-type":"","background-media":"","overlay-type":"","overlay-color":"","overlay-gradient":""},"tablet":{"background-color":"var(--ast-global-color-5)","background-image":"","background-repeat":"repeat","background-position":"center center","background-size":"auto","background-attachment":"scroll","background-type":"","background-media":"","overlay-type":"","overlay-color":"","overlay-gradient":""},"mobile":{"background-color":"var(--ast-global-color-5)","background-image":"","background-repeat":"repeat","background-position":"center center","background-size":"auto","background-attachment":"scroll","background-type":"","background-media":"","overlay-type":"","overlay-color":"","overlay-gradient":""}}},"product_cat":[27],"product_tag":[],"class_list":{"0":"post-744","1":"product","2":"type-product","3":"status-publish","4":"has-post-thumbnail","6":"product_cat-lipoliza-iniekcyjna","7":"desktop-align-left","8":"tablet-align-left","9":"mobile-align-left","11":"first","12":"instock","13":"shipping-taxable","14":"purchasable","15":"product-type-simple"},"_links":{"self":[{"href":"https:\/\/aesthetics-paradise.com\/pl\/wp-json\/wp\/v2\/product\/744","targetHints":{"allow":["GET"]}}],"collection":[{"href":"https:\/\/aesthetics-paradise.com\/pl\/wp-json\/wp\/v2\/product"}],"about":[{"href":"https:\/\/aesthetics-paradise.com\/pl\/wp-json\/wp\/v2\/types\/product"}],"replies":[{"embeddable":true,"href":"https:\/\/aesthetics-paradise.com\/pl\/wp-json\/wp\/v2\/comments?post=744"}],"wp:featuredmedia":[{"embeddable":true,"href":"https:\/\/aesthetics-paradise.com\/pl\/wp-json\/wp\/v2\/media\/1210"}],"wp:attachment":[{"href":"https:\/\/aesthetics-paradise.com\/pl\/wp-json\/wp\/v2\/media?parent=744"}],"wp:term":[{"taxonomy":"product_cat","embeddable":true,"href":"https:\/\/aesthetics-paradise.com\/pl\/wp-json\/wp\/v2\/product_cat?post=744"},{"taxonomy":"product_tag","embeddable":true,"href":"https:\/\/aesthetics-paradise.com\/pl\/wp-json\/wp\/v2\/product_tag?post=744"}],"curies":[{"name":"wp","href":"https:\/\/api.w.org\/{rel}","templated":true}]}}