{"id":713,"date":"2024-05-22T16:37:43","date_gmt":"2024-05-22T14:37:43","guid":{"rendered":"https:\/\/aesthetics-paradise.com\/?post_type=product&#038;p=713"},"modified":"2024-05-22T16:37:43","modified_gmt":"2024-05-22T14:37:43","slug":"lifting-rzes","status":"publish","type":"product","link":"https:\/\/aesthetics-paradise.com\/pl\/produkt\/lifting-rzes\/","title":{"rendered":"Lifting rz\u0119s"},"content":{"rendered":"<p>To \u00a0zabieg podniesienia i podkr\u0119cenia rz\u0119s, kt\u00f3ry daje trwa\u0142y, naturalny efekt.\u00a0Otwiera on oczy, daje wra\u017cenie d\u0142u\u017cszych, g\u0119stszych i ciemniejszych rz\u0119s.\u00a0 Rz\u0119sy s\u0105 wyra\u017anie podkre\u015blone i od\u017cywione.\u00a0Pe\u0142ne efekty zabiegu widoczne s\u0105 po 24h, zaraz po zabiegu rz\u0119sy mog\u0105 by\u0107 jeszcze wilgotne od u\u017cytych preparat\u00f3w, a przez to posklejane. Najlepszy efekt uzyskuje si\u0119 po rozczesaniu ich nast\u0119pnego dnia. Rz\u0119sy wygl\u0105daj\u0105 naturalnie i \u0142adnie si\u0119 uk\u0142adaj\u0105. Nie ma mowy o \u017cadnym obci\u0105\u017ceniu.<\/p>\n","protected":false},"excerpt":{"rendered":"<p>To \u00a0zabieg podniesienia i podkr\u0119cenia rz\u0119s, kt\u00f3ry daje trwa\u0142y, naturalny efekt.\u00a0Otwiera on oczy, daje wra\u017cenie d\u0142u\u017cszych, g\u0119stszych i ciemniejszych rz\u0119s.\u00a0 [&hellip;]<\/p>\n","protected":false},"featured_media":708,"comment_status":"open","ping_status":"closed","template":"","meta":{"site-sidebar-layout":"default","site-content-layout":"","ast-site-content-layout":"default","site-content-style":"default","site-sidebar-style":"default","ast-global-header-display":"","ast-banner-title-visibility":"","ast-main-header-display":"","ast-hfb-above-header-display":"","ast-hfb-below-header-display":"","ast-hfb-mobile-header-display":"","site-post-title":"","ast-breadcrumbs-content":"","ast-featured-img":"","footer-sml-layout":"","theme-transparent-header-meta":"default","adv-header-id-meta":"","stick-header-meta":"","header-above-stick-meta":"","header-main-stick-meta":"","header-below-stick-meta":"","astra-migrate-meta-layouts":"set","ast-page-background-enabled":"default","ast-page-background-meta":{"desktop":{"background-color":"var(--ast-global-color-4)","background-image":"","background-repeat":"repeat","background-position":"center center","background-size":"auto","background-attachment":"scroll","background-type":"","background-media":"","overlay-type":"","overlay-color":"","overlay-gradient":""},"tablet":{"background-color":"","background-image":"","background-repeat":"repeat","background-position":"center center","background-size":"auto","background-attachment":"scroll","background-type":"","background-media":"","overlay-type":"","overlay-color":"","overlay-gradient":""},"mobile":{"background-color":"","background-image":"","background-repeat":"repeat","background-position":"center center","background-size":"auto","background-attachment":"scroll","background-type":"","background-media":"","overlay-type":"","overlay-color":"","overlay-gradient":""}},"ast-content-background-meta":{"desktop":{"background-color":"var(--ast-global-color-5)","background-image":"","background-repeat":"repeat","background-position":"center center","background-size":"auto","background-attachment":"scroll","background-type":"","background-media":"","overlay-type":"","overlay-color":"","overlay-gradient":""},"tablet":{"background-color":"var(--ast-global-color-5)","background-image":"","background-repeat":"repeat","background-position":"center center","background-size":"auto","background-attachment":"scroll","background-type":"","background-media":"","overlay-type":"","overlay-color":"","overlay-gradient":""},"mobile":{"background-color":"var(--ast-global-color-5)","background-image":"","background-repeat":"repeat","background-position":"center center","background-size":"auto","background-attachment":"scroll","background-type":"","background-media":"","overlay-type":"","overlay-color":"","overlay-gradient":""}}},"product_cat":[24],"product_tag":[],"class_list":{"0":"post-713","1":"product","2":"type-product","3":"status-publish","4":"has-post-thumbnail","6":"product_cat-stylizacja-brwi-i-rzes","7":"desktop-align-left","8":"tablet-align-left","9":"mobile-align-left","11":"first","12":"instock","13":"shipping-taxable","14":"purchasable","15":"product-type-simple"},"_links":{"self":[{"href":"https:\/\/aesthetics-paradise.com\/pl\/wp-json\/wp\/v2\/product\/713","targetHints":{"allow":["GET"]}}],"collection":[{"href":"https:\/\/aesthetics-paradise.com\/pl\/wp-json\/wp\/v2\/product"}],"about":[{"href":"https:\/\/aesthetics-paradise.com\/pl\/wp-json\/wp\/v2\/types\/product"}],"replies":[{"embeddable":true,"href":"https:\/\/aesthetics-paradise.com\/pl\/wp-json\/wp\/v2\/comments?post=713"}],"wp:featuredmedia":[{"embeddable":true,"href":"https:\/\/aesthetics-paradise.com\/pl\/wp-json\/wp\/v2\/media\/708"}],"wp:attachment":[{"href":"https:\/\/aesthetics-paradise.com\/pl\/wp-json\/wp\/v2\/media?parent=713"}],"wp:term":[{"taxonomy":"product_cat","embeddable":true,"href":"https:\/\/aesthetics-paradise.com\/pl\/wp-json\/wp\/v2\/product_cat?post=713"},{"taxonomy":"product_tag","embeddable":true,"href":"https:\/\/aesthetics-paradise.com\/pl\/wp-json\/wp\/v2\/product_tag?post=713"}],"curies":[{"name":"wp","href":"https:\/\/api.w.org\/{rel}","templated":true}]}}