{"id":691,"date":"2024-05-22T11:53:13","date_gmt":"2024-05-22T09:53:13","guid":{"rendered":"https:\/\/aesthetics-paradise.com\/?post_type=product&#038;p=691"},"modified":"2024-05-22T11:53:13","modified_gmt":"2024-05-22T09:53:13","slug":"mezoterapia-mikroiglowa","status":"publish","type":"product","link":"https:\/\/aesthetics-paradise.com\/pl\/produkt\/mezoterapia-mikroiglowa\/","title":{"rendered":"Mezoterapia mikroig\u0142owa"},"content":{"rendered":"<p>Jego celem jest pobudzenie produkcji nowego kolagenu i og\u00f3lna rewitalizacja sk\u00f3ry. <strong>\u00a0Polega na mechanicznym nak<\/strong><strong>\u0142<\/strong><strong>uwaniu sk\u00f3ry urz<\/strong><strong>\u0105<\/strong><strong>dzeniem wyposa<\/strong><strong>\u017c<\/strong><strong>onym w mikroigie<\/strong><strong>\u0142<\/strong><strong>ki.\u00a0<\/strong>Poprzez otwarcie kilku tysi\u0119cy mikrokanalik\u00f3w kosmetolog mo\u017ce wprowadzi\u0107 skoncentrowane sk\u0142adniki od\u017cywcze w specjalnym preparacie w g\u0142\u0105b sk\u00f3ry, pomijaj\u0105c barier\u0119 ochronn\u0105 nask\u00f3rka.<\/p>\n","protected":false},"excerpt":{"rendered":"<p>Jego celem jest pobudzenie produkcji nowego kolagenu i og\u00f3lna rewitalizacja sk\u00f3ry. \u00a0Polega na mechanicznym nak\u0142uwaniu sk\u00f3ry urz\u0105dzeniem wyposa\u017conym w mikroigie\u0142ki.\u00a0Poprzez [&hellip;]<\/p>\n","protected":false},"featured_media":692,"comment_status":"open","ping_status":"closed","template":"","meta":{"site-sidebar-layout":"default","site-content-layout":"","ast-site-content-layout":"default","site-content-style":"default","site-sidebar-style":"default","ast-global-header-display":"","ast-banner-title-visibility":"","ast-main-header-display":"","ast-hfb-above-header-display":"","ast-hfb-below-header-display":"","ast-hfb-mobile-header-display":"","site-post-title":"","ast-breadcrumbs-content":"","ast-featured-img":"","footer-sml-layout":"","theme-transparent-header-meta":"default","adv-header-id-meta":"","stick-header-meta":"","header-above-stick-meta":"","header-main-stick-meta":"","header-below-stick-meta":"","astra-migrate-meta-layouts":"set","ast-page-background-enabled":"default","ast-page-background-meta":{"desktop":{"background-color":"var(--ast-global-color-4)","background-image":"","background-repeat":"repeat","background-position":"center center","background-size":"auto","background-attachment":"scroll","background-type":"","background-media":"","overlay-type":"","overlay-color":"","overlay-gradient":""},"tablet":{"background-color":"","background-image":"","background-repeat":"repeat","background-position":"center center","background-size":"auto","background-attachment":"scroll","background-type":"","background-media":"","overlay-type":"","overlay-color":"","overlay-gradient":""},"mobile":{"background-color":"","background-image":"","background-repeat":"repeat","background-position":"center center","background-size":"auto","background-attachment":"scroll","background-type":"","background-media":"","overlay-type":"","overlay-color":"","overlay-gradient":""}},"ast-content-background-meta":{"desktop":{"background-color":"var(--ast-global-color-5)","background-image":"","background-repeat":"repeat","background-position":"center center","background-size":"auto","background-attachment":"scroll","background-type":"","background-media":"","overlay-type":"","overlay-color":"","overlay-gradient":""},"tablet":{"background-color":"var(--ast-global-color-5)","background-image":"","background-repeat":"repeat","background-position":"center center","background-size":"auto","background-attachment":"scroll","background-type":"","background-media":"","overlay-type":"","overlay-color":"","overlay-gradient":""},"mobile":{"background-color":"var(--ast-global-color-5)","background-image":"","background-repeat":"repeat","background-position":"center center","background-size":"auto","background-attachment":"scroll","background-type":"","background-media":"","overlay-type":"","overlay-color":"","overlay-gradient":""}}},"product_cat":[21],"product_tag":[],"class_list":{"0":"post-691","1":"product","2":"type-product","3":"status-publish","4":"has-post-thumbnail","6":"product_cat-zabiegi-na-twarz","7":"desktop-align-left","8":"tablet-align-left","9":"mobile-align-left","11":"first","12":"instock","13":"shipping-taxable","14":"purchasable","15":"product-type-simple"},"_links":{"self":[{"href":"https:\/\/aesthetics-paradise.com\/pl\/wp-json\/wp\/v2\/product\/691","targetHints":{"allow":["GET"]}}],"collection":[{"href":"https:\/\/aesthetics-paradise.com\/pl\/wp-json\/wp\/v2\/product"}],"about":[{"href":"https:\/\/aesthetics-paradise.com\/pl\/wp-json\/wp\/v2\/types\/product"}],"replies":[{"embeddable":true,"href":"https:\/\/aesthetics-paradise.com\/pl\/wp-json\/wp\/v2\/comments?post=691"}],"wp:featuredmedia":[{"embeddable":true,"href":"https:\/\/aesthetics-paradise.com\/pl\/wp-json\/wp\/v2\/media\/692"}],"wp:attachment":[{"href":"https:\/\/aesthetics-paradise.com\/pl\/wp-json\/wp\/v2\/media?parent=691"}],"wp:term":[{"taxonomy":"product_cat","embeddable":true,"href":"https:\/\/aesthetics-paradise.com\/pl\/wp-json\/wp\/v2\/product_cat?post=691"},{"taxonomy":"product_tag","embeddable":true,"href":"https:\/\/aesthetics-paradise.com\/pl\/wp-json\/wp\/v2\/product_tag?post=691"}],"curies":[{"name":"wp","href":"https:\/\/api.w.org\/{rel}","templated":true}]}}