{"id":689,"date":"2024-05-22T11:51:45","date_gmt":"2024-05-22T09:51:45","guid":{"rendered":"https:\/\/aesthetics-paradise.com\/?post_type=product&#038;p=689"},"modified":"2024-10-01T00:06:10","modified_gmt":"2024-09-30T22:06:10","slug":"mezoterapia-iglowa","status":"publish","type":"product","link":"https:\/\/aesthetics-paradise.com\/pl\/produkt\/mezoterapia-iglowa\/","title":{"rendered":"Mezoterapia ig\u0142owa"},"content":{"rendered":"<p><strong>Mezoterapia to zabieg, kt\u00f3ry warto podarowa<\/strong><strong>\u0107<\/strong><strong> swojej sk<\/strong><strong>\u00f3<\/strong><strong>rze, idealnie sprawdza si<\/strong><strong>\u0119<\/strong><strong>, gdy cera jest sucha i zm<\/strong><strong>\u0119<\/strong><strong>czona, ma ziemisty kolor, pojawiaj<\/strong><strong>\u0105<\/strong><strong> si<\/strong><strong>\u0119<\/strong><strong> na niej przebarwienia lub zmiany potr<\/strong><strong>\u0105<\/strong><strong>dzikowe.<\/strong>\u00a0Zabieg przeznaczony jest r\u00f3wnie\u017c dla os\u00f3b, u kt\u00f3rych pojawi\u0142 si\u0119 cellulit czy wiotczenie niekt\u00f3rych warstw sk\u00f3rnych. Mezoterapi\u0119 ig\u0142ow\u0105 mo\u017cna przeprowadza\u0107 na r\u00f3\u017cnych obszarach cia\u0142a, przede wszystkim na twarzy, szyi, dekolcie, po wewn\u0119trznej stronie ramion lub ud, na brzuchu, a tak\u017ce na grzbietach d\u0142oni. Wskazaniem do wykonania zabiegu jest r\u00f3wnie\u017c problem z wypadaniem w\u0142os\u00f3w lub og\u00f3lne pogorszenie ich kondycji. Mezoterapia pomaga w zmniejszeniu ilo\u015bci gromadz\u0105cej si\u0119 w r\u00f3\u017cnych miejscach tkanki t\u0142uszczowej, na przyk\u0142ad w okolicach podbr\u00f3dka.<\/p>\n","protected":false},"excerpt":{"rendered":"<p>Mezoterapia to zabieg, kt\u00f3ry warto podarowa\u0107 swojej sk\u00f3rze, idealnie sprawdza si\u0119, gdy cera jest sucha i zm\u0119czona, ma ziemisty kolor, [&hellip;]<\/p>\n","protected":false},"featured_media":690,"comment_status":"open","ping_status":"closed","template":"","meta":{"site-sidebar-layout":"default","site-content-layout":"","ast-site-content-layout":"default","site-content-style":"default","site-sidebar-style":"default","ast-global-header-display":"","ast-banner-title-visibility":"","ast-main-header-display":"","ast-hfb-above-header-display":"","ast-hfb-below-header-display":"","ast-hfb-mobile-header-display":"","site-post-title":"","ast-breadcrumbs-content":"","ast-featured-img":"","footer-sml-layout":"","theme-transparent-header-meta":"default","adv-header-id-meta":"","stick-header-meta":"","header-above-stick-meta":"","header-main-stick-meta":"","header-below-stick-meta":"","astra-migrate-meta-layouts":"set","ast-page-background-enabled":"default","ast-page-background-meta":{"desktop":{"background-color":"var(--ast-global-color-4)","background-image":"","background-repeat":"repeat","background-position":"center center","background-size":"auto","background-attachment":"scroll","background-type":"","background-media":"","overlay-type":"","overlay-color":"","overlay-gradient":""},"tablet":{"background-color":"","background-image":"","background-repeat":"repeat","background-position":"center center","background-size":"auto","background-attachment":"scroll","background-type":"","background-media":"","overlay-type":"","overlay-color":"","overlay-gradient":""},"mobile":{"background-color":"","background-image":"","background-repeat":"repeat","background-position":"center center","background-size":"auto","background-attachment":"scroll","background-type":"","background-media":"","overlay-type":"","overlay-color":"","overlay-gradient":""}},"ast-content-background-meta":{"desktop":{"background-color":"var(--ast-global-color-5)","background-image":"","background-repeat":"repeat","background-position":"center center","background-size":"auto","background-attachment":"scroll","background-type":"","background-media":"","overlay-type":"","overlay-color":"","overlay-gradient":""},"tablet":{"background-color":"var(--ast-global-color-5)","background-image":"","background-repeat":"repeat","background-position":"center center","background-size":"auto","background-attachment":"scroll","background-type":"","background-media":"","overlay-type":"","overlay-color":"","overlay-gradient":""},"mobile":{"background-color":"var(--ast-global-color-5)","background-image":"","background-repeat":"repeat","background-position":"center center","background-size":"auto","background-attachment":"scroll","background-type":"","background-media":"","overlay-type":"","overlay-color":"","overlay-gradient":""}}},"product_cat":[21],"product_tag":[],"class_list":{"0":"post-689","1":"product","2":"type-product","3":"status-publish","4":"has-post-thumbnail","6":"product_cat-zabiegi-na-twarz","7":"desktop-align-left","8":"tablet-align-left","9":"mobile-align-left","11":"first","12":"instock","13":"shipping-taxable","14":"purchasable","15":"product-type-simple"},"_links":{"self":[{"href":"https:\/\/aesthetics-paradise.com\/pl\/wp-json\/wp\/v2\/product\/689","targetHints":{"allow":["GET"]}}],"collection":[{"href":"https:\/\/aesthetics-paradise.com\/pl\/wp-json\/wp\/v2\/product"}],"about":[{"href":"https:\/\/aesthetics-paradise.com\/pl\/wp-json\/wp\/v2\/types\/product"}],"replies":[{"embeddable":true,"href":"https:\/\/aesthetics-paradise.com\/pl\/wp-json\/wp\/v2\/comments?post=689"}],"wp:featuredmedia":[{"embeddable":true,"href":"https:\/\/aesthetics-paradise.com\/pl\/wp-json\/wp\/v2\/media\/690"}],"wp:attachment":[{"href":"https:\/\/aesthetics-paradise.com\/pl\/wp-json\/wp\/v2\/media?parent=689"}],"wp:term":[{"taxonomy":"product_cat","embeddable":true,"href":"https:\/\/aesthetics-paradise.com\/pl\/wp-json\/wp\/v2\/product_cat?post=689"},{"taxonomy":"product_tag","embeddable":true,"href":"https:\/\/aesthetics-paradise.com\/pl\/wp-json\/wp\/v2\/product_tag?post=689"}],"curies":[{"name":"wp","href":"https:\/\/api.w.org\/{rel}","templated":true}]}}