{"id":1201,"date":"2024-06-11T16:15:19","date_gmt":"2024-06-11T14:15:19","guid":{"rendered":"https:\/\/aesthetics-paradise.com\/?post_type=product&#038;p=1201"},"modified":"2024-10-17T16:11:48","modified_gmt":"2024-10-17T14:11:48","slug":"ejal40-120-1-zabieg","status":"publish","type":"product","link":"https:\/\/aesthetics-paradise.com\/pl\/produkt\/ejal40-120-1-zabieg\/","title":{"rendered":"Ejal40  (1 zabieg)"},"content":{"rendered":"<p><strong>Stymulatory tkankowe to specjalna grupa preparat\u00f3w w medycynie estetycznej. Podawane s<\/strong><strong>\u0105<\/strong><strong> w sk<\/strong><strong>\u00f3<\/strong><strong>r<\/strong><strong>\u0119<\/strong><strong> przy pomocy ig<\/strong><strong>\u0142<\/strong><strong>y, ale nie wype<\/strong><strong>\u0142<\/strong><strong>niaj<\/strong><strong>\u0105<\/strong><strong> zmarszczek jak np. kwas hialuronowy. Daj<\/strong><strong>\u0105<\/strong><strong> niezwykle naturalne efekty na d<\/strong><strong>\u0142<\/strong><strong>ugi czas. Stymulatory pozwalaj<\/strong><strong>\u0105<\/strong><strong> d<\/strong><strong>\u0142<\/strong><strong>u<\/strong><strong>\u017c<\/strong><strong>ej cieszy<\/strong><strong>\u0107<\/strong><strong> si<\/strong><strong>\u0119<\/strong><strong> m<\/strong><strong>\u0142<\/strong><strong>odym i naturalnym wygl<\/strong><strong>\u0105<\/strong><strong>dem i zdecydowanie warto je rozwa<\/strong><strong>\u017c<\/strong><strong>y<\/strong><strong>\u0107<\/strong><strong> do zastosowania u siebie.<\/strong> Podane ig\u0142\u0105 w sk\u00f3r\u0119 (np. twarzy, ale tak\u017ce innych obszar\u00f3w cia\u0142a) maj\u0105 za zadanie wywo\u0142a\u0107\u00a0<strong>kontrolowany stan zapalny, kt\u00f3ry<\/strong>\u00a0powoduje, \u017ce nasza sk\u00f3ra zaczyna wytwarza\u0107 kolagen i elastyn\u0119.<\/p>\n","protected":false},"excerpt":{"rendered":"<p>Stymulatory tkankowe to specjalna grupa preparat\u00f3w w medycynie estetycznej. Podawane s\u0105 w sk\u00f3r\u0119 przy pomocy ig\u0142y, ale nie wype\u0142niaj\u0105 zmarszczek [&hellip;]<\/p>\n","protected":false},"featured_media":768,"comment_status":"open","ping_status":"closed","template":"","meta":{"site-sidebar-layout":"default","site-content-layout":"","ast-site-content-layout":"default","site-content-style":"default","site-sidebar-style":"default","ast-global-header-display":"","ast-banner-title-visibility":"","ast-main-header-display":"","ast-hfb-above-header-display":"","ast-hfb-below-header-display":"","ast-hfb-mobile-header-display":"","site-post-title":"","ast-breadcrumbs-content":"","ast-featured-img":"","footer-sml-layout":"","theme-transparent-header-meta":"default","adv-header-id-meta":"","stick-header-meta":"","header-above-stick-meta":"","header-main-stick-meta":"","header-below-stick-meta":"","astra-migrate-meta-layouts":"set","ast-page-background-enabled":"default","ast-page-background-meta":{"desktop":{"background-color":"var(--ast-global-color-4)","background-image":"","background-repeat":"repeat","background-position":"center center","background-size":"auto","background-attachment":"scroll","background-type":"","background-media":"","overlay-type":"","overlay-color":"","overlay-gradient":""},"tablet":{"background-color":"","background-image":"","background-repeat":"repeat","background-position":"center center","background-size":"auto","background-attachment":"scroll","background-type":"","background-media":"","overlay-type":"","overlay-color":"","overlay-gradient":""},"mobile":{"background-color":"","background-image":"","background-repeat":"repeat","background-position":"center center","background-size":"auto","background-attachment":"scroll","background-type":"","background-media":"","overlay-type":"","overlay-color":"","overlay-gradient":""}},"ast-content-background-meta":{"desktop":{"background-color":"var(--ast-global-color-5)","background-image":"","background-repeat":"repeat","background-position":"center center","background-size":"auto","background-attachment":"scroll","background-type":"","background-media":"","overlay-type":"","overlay-color":"","overlay-gradient":""},"tablet":{"background-color":"var(--ast-global-color-5)","background-image":"","background-repeat":"repeat","background-position":"center center","background-size":"auto","background-attachment":"scroll","background-type":"","background-media":"","overlay-type":"","overlay-color":"","overlay-gradient":""},"mobile":{"background-color":"var(--ast-global-color-5)","background-image":"","background-repeat":"repeat","background-position":"center center","background-size":"auto","background-attachment":"scroll","background-type":"","background-media":"","overlay-type":"","overlay-color":"","overlay-gradient":""}}},"product_cat":[32],"product_tag":[],"class_list":{"0":"post-1201","1":"product","2":"type-product","3":"status-publish","4":"has-post-thumbnail","6":"product_cat-stymulatory-tkankowe","7":"desktop-align-left","8":"tablet-align-left","9":"mobile-align-left","11":"first","12":"instock","13":"shipping-taxable","14":"purchasable","15":"product-type-simple"},"_links":{"self":[{"href":"https:\/\/aesthetics-paradise.com\/pl\/wp-json\/wp\/v2\/product\/1201","targetHints":{"allow":["GET"]}}],"collection":[{"href":"https:\/\/aesthetics-paradise.com\/pl\/wp-json\/wp\/v2\/product"}],"about":[{"href":"https:\/\/aesthetics-paradise.com\/pl\/wp-json\/wp\/v2\/types\/product"}],"replies":[{"embeddable":true,"href":"https:\/\/aesthetics-paradise.com\/pl\/wp-json\/wp\/v2\/comments?post=1201"}],"wp:featuredmedia":[{"embeddable":true,"href":"https:\/\/aesthetics-paradise.com\/pl\/wp-json\/wp\/v2\/media\/768"}],"wp:attachment":[{"href":"https:\/\/aesthetics-paradise.com\/pl\/wp-json\/wp\/v2\/media?parent=1201"}],"wp:term":[{"taxonomy":"product_cat","embeddable":true,"href":"https:\/\/aesthetics-paradise.com\/pl\/wp-json\/wp\/v2\/product_cat?post=1201"},{"taxonomy":"product_tag","embeddable":true,"href":"https:\/\/aesthetics-paradise.com\/pl\/wp-json\/wp\/v2\/product_tag?post=1201"}],"curies":[{"name":"wp","href":"https:\/\/api.w.org\/{rel}","templated":true}]}}