{"id":90,"date":"2024-05-07T17:28:54","date_gmt":"2024-05-07T15:28:54","guid":{"rendered":"https:\/\/aesthetics-paradise.com\/?page_id=90"},"modified":"2024-06-26T16:04:40","modified_gmt":"2024-06-26T14:04:40","slug":"medycyna-estetyczna","status":"publish","type":"page","link":"https:\/\/aesthetics-paradise.com\/pl\/medycyna-estetyczna\/","title":{"rendered":"Medycyna estetyczna"},"content":{"rendered":"\t\t<div data-elementor-type=\"wp-page\" data-elementor-id=\"90\" class=\"elementor elementor-90\" data-elementor-post-type=\"page\">\n\t\t\t\t<div class=\"elementor-element elementor-element-df31ffb e-flex e-con-boxed e-con e-parent\" data-id=\"df31ffb\" data-element_type=\"container\">\n\t\t\t\t\t<div class=\"e-con-inner\">\n\t\t\t\t<div class=\"elementor-element elementor-element-7bc7d5b elementor-widget elementor-widget-spacer\" data-id=\"7bc7d5b\" data-element_type=\"widget\" data-widget_type=\"spacer.default\">\n\t\t\t\t<div class=\"elementor-widget-container\">\n\t\t\t\t\t\t\t<div class=\"elementor-spacer\">\n\t\t\t<div class=\"elementor-spacer-inner\"><\/div>\n\t\t<\/div>\n\t\t\t\t\t\t<\/div>\n\t\t\t\t<\/div>\n\t\t\t\t\t<\/div>\n\t\t\t\t<\/div>\n\t\t<div class=\"elementor-element elementor-element-800da80 e-flex e-con-boxed e-con e-parent\" data-id=\"800da80\" data-element_type=\"container\">\n\t\t\t\t\t<div class=\"e-con-inner\">\n\t\t<div class=\"elementor-element elementor-element-ec85a89 e-con-full elementor-hidden-mobile e-flex e-con e-child\" data-id=\"ec85a89\" data-element_type=\"container\" data-settings=\"{&quot;background_background&quot;:&quot;classic&quot;}\">\n\t\t\t\t<div class=\"elementor-element elementor-element-b9d0d3a elementor-widget elementor-widget-image\" data-id=\"b9d0d3a\" data-element_type=\"widget\" data-widget_type=\"image.default\">\n\t\t\t\t<div class=\"elementor-widget-container\">\n\t\t\t\t\t\t\t\t\t\t\t\t\t\t\t<img fetchpriority=\"high\" decoding=\"async\" width=\"1024\" height=\"683\" src=\"https:\/\/aesthetics-paradise.com\/wp-content\/uploads\/2024\/05\/closeup-portrait-young-woman-doing-botox-procedures-by-professional-injection-making-lips-modern-devices-technology-medicine-cosmetology-therapy-1024x683.jpg\" class=\"attachment-large size-large wp-image-786\" alt=\"\" srcset=\"https:\/\/aesthetics-paradise.com\/wp-content\/uploads\/2024\/05\/closeup-portrait-young-woman-doing-botox-procedures-by-professional-injection-making-lips-modern-devices-technology-medicine-cosmetology-therapy-1024x683.jpg 1024w, https:\/\/aesthetics-paradise.com\/wp-content\/uploads\/2024\/05\/closeup-portrait-young-woman-doing-botox-procedures-by-professional-injection-making-lips-modern-devices-technology-medicine-cosmetology-therapy-scaled-600x400.jpg 600w, https:\/\/aesthetics-paradise.com\/wp-content\/uploads\/2024\/05\/closeup-portrait-young-woman-doing-botox-procedures-by-professional-injection-making-lips-modern-devices-technology-medicine-cosmetology-therapy-300x200.jpg 300w, https:\/\/aesthetics-paradise.com\/wp-content\/uploads\/2024\/05\/closeup-portrait-young-woman-doing-botox-procedures-by-professional-injection-making-lips-modern-devices-technology-medicine-cosmetology-therapy-768x512.jpg 768w, https:\/\/aesthetics-paradise.com\/wp-content\/uploads\/2024\/05\/closeup-portrait-young-woman-doing-botox-procedures-by-professional-injection-making-lips-modern-devices-technology-medicine-cosmetology-therapy-1536x1024.jpg 1536w, https:\/\/aesthetics-paradise.com\/wp-content\/uploads\/2024\/05\/closeup-portrait-young-woman-doing-botox-procedures-by-professional-injection-making-lips-modern-devices-technology-medicine-cosmetology-therapy-2048x1365.jpg 2048w, https:\/\/aesthetics-paradise.com\/wp-content\/uploads\/2024\/05\/closeup-portrait-young-woman-doing-botox-procedures-by-professional-injection-making-lips-modern-devices-technology-medicine-cosmetology-therapy-1320x880.jpg 1320w\" sizes=\"(max-width: 1024px) 100vw, 1024px\" \/>\t\t\t\t\t\t\t\t\t\t\t\t\t\t\t<\/div>\n\t\t\t\t<\/div>\n\t\t\t\t<\/div>\n\t\t<div class=\"elementor-element elementor-element-2f6feaf e-con-full e-flex e-con e-child\" data-id=\"2f6feaf\" data-element_type=\"container\" data-settings=\"{&quot;background_background&quot;:&quot;classic&quot;}\">\n\t\t\t\t<div class=\"elementor-element elementor-element-6ecd93f elementor-widget elementor-widget-heading\" data-id=\"6ecd93f\" data-element_type=\"widget\" data-widget_type=\"heading.default\">\n\t\t\t\t<div class=\"elementor-widget-container\">\n\t\t\t\t\t<h2 class=\"elementor-heading-title elementor-size-default\">Medycyna estetyczna<\/h2>\t\t\t\t<\/div>\n\t\t\t\t<\/div>\n\t\t\t\t<div class=\"elementor-element elementor-element-048e428 elementor-widget elementor-widget-heading\" data-id=\"048e428\" data-element_type=\"widget\" data-widget_type=\"heading.default\">\n\t\t\t\t<div class=\"elementor-widget-container\">\n\t\t\t\t\t<h2 class=\"elementor-heading-title elementor-size-default\">Odkryj \u015bwiat medycyny estetycznej w naszej klinice, gdzie \u0142\u0105czymy nauk\u0119 i sztuk\u0119, by dostarczy\u0107 najwy\u017cszej jako\u015bci zabiegi poprawiaj\u0105ce urod\u0119. Wykorzystujemy innowacyjne technologie oraz metody oparte na najnowszych badaniach, co pozwala nam oferowa\u0107 zabiegi, kt\u00f3re s\u0105 bezpieczne, skuteczne i minimalnie inwazyjne. Nasza oferta obejmuje szerok\u0105 gam\u0119 zabieg\u00f3w m. in wype\u0142niaczy i botoksu czy terapie przeciwstarzeniowe <\/h2>\t\t\t\t<\/div>\n\t\t\t\t<\/div>\n\t\t\t\t<div class=\"elementor-element elementor-element-7d53002 elementor-align-left elementor-mobile-align-center elementor-hidden-mobile elementor-widget elementor-widget-button\" data-id=\"7d53002\" data-element_type=\"widget\" data-widget_type=\"button.default\">\n\t\t\t\t<div class=\"elementor-widget-container\">\n\t\t\t\t\t\t\t\t\t<div class=\"elementor-button-wrapper\">\n\t\t\t\t\t<a class=\"elementor-button elementor-button-link elementor-size-sm elementor-animation-shrink\" href=\"https:\/\/aesthetics-paradise.com\/#kontakt\">\n\t\t\t\t\t\t<span class=\"elementor-button-content-wrapper\">\n\t\t\t\t\t\t\t\t\t<span class=\"elementor-button-text\">Kontakt<\/span>\n\t\t\t\t\t<\/span>\n\t\t\t\t\t<\/a>\n\t\t\t\t<\/div>\n\t\t\t\t\t\t\t\t<\/div>\n\t\t\t\t<\/div>\n\t\t\t\t<\/div>\n\t\t\t\t\t<\/div>\n\t\t\t\t<\/div>\n\t\t<div class=\"elementor-element elementor-element-9741be6 e-flex e-con-boxed e-con e-parent\" data-id=\"9741be6\" data-element_type=\"container\">\n\t\t\t\t\t<div class=\"e-con-inner\">\n\t\t\t\t<div class=\"elementor-element elementor-element-cd5394d elementor-widget elementor-widget-spacer\" data-id=\"cd5394d\" data-element_type=\"widget\" data-widget_type=\"spacer.default\">\n\t\t\t\t<div class=\"elementor-widget-container\">\n\t\t\t\t\t\t\t<div class=\"elementor-spacer\">\n\t\t\t<div class=\"elementor-spacer-inner\"><\/div>\n\t\t<\/div>\n\t\t\t\t\t\t<\/div>\n\t\t\t\t<\/div>\n\t\t\t\t<div class=\"elementor-element elementor-element-fa94c94 elementor-widget elementor-widget-heading\" data-id=\"fa94c94\" data-element_type=\"widget\" data-widget_type=\"heading.default\">\n\t\t\t\t<div class=\"elementor-widget-container\">\n\t\t\t\t\t<h2 class=\"elementor-heading-title elementor-size-default\">Modelowanie ust kwasem hialuronowym<\/h2>\t\t\t\t<\/div>\n\t\t\t\t<\/div>\n\t\t\t\t<div class=\"elementor-element elementor-element-3e7ff01 elementor-widget elementor-widget-heading\" data-id=\"3e7ff01\" data-element_type=\"widget\" data-widget_type=\"heading.default\">\n\t\t\t\t<div class=\"elementor-widget-container\">\n\t\t\t\t\t<h2 class=\"elementor-heading-title elementor-size-default\">Powi\u0119kszanie, wype\u0142nianie i modelowanie ust kwasem hialuronowym to zabieg, kt\u00f3ry pozwala na uwydatnienie warg, nadanie im j\u0119drno\u015bci, zniwelowanie ewentualnych asymetrii i podkre\u015blenie naturalnej czerwieni ust.<\/h2>\t\t\t\t<\/div>\n\t\t\t\t<\/div>\n\t\t\t\t<div class=\"elementor-element elementor-element-16e317a elementor-widget elementor-widget-heading\" data-id=\"16e317a\" data-element_type=\"widget\" data-widget_type=\"heading.default\">\n\t\t\t\t<div class=\"elementor-widget-container\">\n\t\t\t\t\t<h2 class=\"elementor-heading-title elementor-size-default\">Nici PDO<\/h2>\t\t\t\t<\/div>\n\t\t\t\t<\/div>\n\t\t\t\t<div class=\"elementor-element elementor-element-57e494f elementor-widget elementor-widget-heading\" data-id=\"57e494f\" data-element_type=\"widget\" data-widget_type=\"heading.default\">\n\t\t\t\t<div class=\"elementor-widget-container\">\n\t\t\t\t\t<h2 class=\"elementor-heading-title elementor-size-default\">Nici PDO, kt\u00f3re w ma\u0142o inwazyjny spos\u00f3b poprawiaj\u0105 napi\u0119cie sk\u00f3ry oraz jej j\u0119drno\u015b\u0107 i elastyczno\u015b\u0107. Wykonane z materia\u0142u o nazwie polidioksanon. Innowacyjne nici PDO s\u0105 bezpieczne dla ludzkiego organizmu, poniewa\u017c rozpuszczaj\u0105 si\u0119 w tkankach. Zabieg ni\u0107mi PDO mo\u017ce by\u0107 stosowany jako jedyny lub te\u017c jako dodatek do innych technik medycyny estetycznej. Mo\u017cna je stosowa\u0107 w obr\u0119bie twarzy i szyi, a tak\u017ce ca\u0142ego cia\u0142a.<\/h2>\t\t\t\t<\/div>\n\t\t\t\t<\/div>\n\t\t\t\t<div class=\"elementor-element elementor-element-b69969e elementor-widget elementor-widget-heading\" data-id=\"b69969e\" data-element_type=\"widget\" data-widget_type=\"heading.default\">\n\t\t\t\t<div class=\"elementor-widget-container\">\n\t\t\t\t\t<h2 class=\"elementor-heading-title elementor-size-default\">Lipoliza iniekcyjna<\/h2>\t\t\t\t<\/div>\n\t\t\t\t<\/div>\n\t\t\t\t<div class=\"elementor-element elementor-element-7bb22d3 elementor-widget elementor-widget-heading\" data-id=\"7bb22d3\" data-element_type=\"widget\" data-widget_type=\"heading.default\">\n\t\t\t\t<div class=\"elementor-widget-container\">\n\t\t\t\t\t<h2 class=\"elementor-heading-title elementor-size-default\">To jedna z najnowocze\u015bniejszych metod redukcji tkanki t\u0142uszczowej, wykorzystywana w medycynie estetycznej.  Mog\u0105 z niej skorzysta\u0107 osoby z normaln\u0105 wag\u0105 lub lekk\u0105 nadwag\u0105. Niestety, lipoliza nie jest skuteczna u ludzi z oty\u0142o\u015bci\u0105, poniewa\u017c aby zabieg m\u00f3g\u0142 si\u0119 odby\u0107, potrzebne jest miejscowe ot\u0142uszczenie cia\u0142a. Najcz\u0119\u015bciej wykonuje si\u0119 j\u0105 w miejscach takich, jak: podbr\u00f3dek; broda; boczki; brzuch; po\u015bladki; uda; okolice pach; obszary nad kolanami.<\/h2>\t\t\t\t<\/div>\n\t\t\t\t<\/div>\n\t\t\t\t<div class=\"elementor-element elementor-element-4710591 elementor-widget elementor-widget-heading\" data-id=\"4710591\" data-element_type=\"widget\" data-widget_type=\"heading.default\">\n\t\t\t\t<div class=\"elementor-widget-container\">\n\t\t\t\t\t<h2 class=\"elementor-heading-title elementor-size-default\">Mezoterapia sk\u00f3ry g\u0142owy<\/h2>\t\t\t\t<\/div>\n\t\t\t\t<\/div>\n\t\t\t\t<div class=\"elementor-element elementor-element-4736e2f elementor-widget elementor-widget-heading\" data-id=\"4736e2f\" data-element_type=\"widget\" data-widget_type=\"heading.default\">\n\t\t\t\t<div class=\"elementor-widget-container\">\n\t\t\t\t\t<h2 class=\"elementor-heading-title elementor-size-default\">Jest skutecznym sposobem na ograniczenie \u0142ysienia i nadmiernego wypadania w\u0142os\u00f3w, jak i na pobudzenie porostu nowych. Przerzedzanie si\u0119 w\u0142os\u00f3w ograniczone zostaje zwykle ju\u017c po pierwszym zabiegu, ale efekty s\u0105 najbardziej widoczne po wykonaniu ca\u0142ej serii ostrzykiwa\u0144.<\/h2>\t\t\t\t<\/div>\n\t\t\t\t<\/div>\n\t\t\t\t<div class=\"elementor-element elementor-element-0f8a2c1 elementor-widget elementor-widget-heading\" data-id=\"0f8a2c1\" data-element_type=\"widget\" data-widget_type=\"heading.default\">\n\t\t\t\t<div class=\"elementor-widget-container\">\n\t\t\t\t\t<h2 class=\"elementor-heading-title elementor-size-default\">Peeling zio\u0142owy<\/h2>\t\t\t\t<\/div>\n\t\t\t\t<\/div>\n\t\t\t\t<div class=\"elementor-element elementor-element-db14dd2 elementor-widget elementor-widget-heading\" data-id=\"db14dd2\" data-element_type=\"widget\" data-widget_type=\"heading.default\">\n\t\t\t\t<div class=\"elementor-widget-container\">\n\t\t\t\t\t<h2 class=\"elementor-heading-title elementor-size-default\">Peeling algowo-zio\u0142owy przeznaczony jest do wykonywania zabieg\u00f3w g\u0142\u0119bokiego z\u0142uszczania nask\u00f3rka. Dzi\u0119ki synergicznym zastosowaniu naturalnych sk\u0142adnik\u00f3w, takich jak: rozmaryn, owies, wierzba bia\u0142a, morszczyn p\u0119cherzykowaty i ekstraktu z alg, peeling intensywnie eksfoliuje nask\u00f3rek.\nJe\u015bli twoja sk\u00f3ra jest problematyczna, t\u0142usta z rozszerzonymi uj\u015bciami gruczo\u0142\u00f3w \u0142ojowych albo masz blizny potr\u0105dzikowe, to ten zabieg jest dedykowany w\u0142a\u015bnie Tobie.\n<\/h2>\t\t\t\t<\/div>\n\t\t\t\t<\/div>\n\t\t\t\t<div class=\"elementor-element elementor-element-a00130e elementor-widget elementor-widget-heading\" data-id=\"a00130e\" data-element_type=\"widget\" data-widget_type=\"heading.default\">\n\t\t\t\t<div class=\"elementor-widget-container\">\n\t\t\t\t\t<h2 class=\"elementor-heading-title elementor-size-default\">Stymulatory tkankowe<\/h2>\t\t\t\t<\/div>\n\t\t\t\t<\/div>\n\t\t\t\t<div class=\"elementor-element elementor-element-ce29716 elementor-widget elementor-widget-heading\" data-id=\"ce29716\" data-element_type=\"widget\" data-widget_type=\"heading.default\">\n\t\t\t\t<div class=\"elementor-widget-container\">\n\t\t\t\t\t<h2 class=\"elementor-heading-title elementor-size-default\">Stymulatory tkankowe to specjalna grupa preparat\u00f3w w medycynie estetycznej. Podawane s\u0105 w sk\u00f3r\u0119 przy pomocy ig\u0142y, ale nie wype\u0142niaj\u0105 zmarszczek jak np. kwas hialuronowy. Daj\u0105 niezwykle naturalne efekty na d\u0142ugi czas. Stymulatory pozwalaj\u0105 d\u0142u\u017cej cieszy\u0107 si\u0119 m\u0142odym i naturalnym wygl\u0105dem i zdecydowanie warto je rozwa\u017cy\u0107 do zastosowania u siebie. Podane ig\u0142\u0105 w sk\u00f3r\u0119 (np. twarzy, ale tak\u017ce innych obszar\u00f3w cia\u0142a) maj\u0105 za zadanie wywo\u0142a\u0107 kontrolowany stan zapalny, kt\u00f3ry powoduje, \u017ce nasza sk\u00f3ra zaczyna wytwarza\u0107 kolagen i elastyn\u0119.\n<\/h2>\t\t\t\t<\/div>\n\t\t\t\t<\/div>\n\t\t\t\t<div class=\"elementor-element elementor-element-e3377b1 elementor-widget elementor-widget-heading\" data-id=\"e3377b1\" data-element_type=\"widget\" data-widget_type=\"heading.default\">\n\t\t\t\t<div class=\"elementor-widget-container\">\n\t\t\t\t\t<h2 class=\"elementor-heading-title elementor-size-default\">Botox<\/h2>\t\t\t\t<\/div>\n\t\t\t\t<\/div>\n\t\t\t\t<div class=\"elementor-element elementor-element-53f8aef elementor-widget elementor-widget-heading\" data-id=\"53f8aef\" data-element_type=\"widget\" data-widget_type=\"heading.default\">\n\t\t\t\t<div class=\"elementor-widget-container\">\n\t\t\t\t\t<h2 class=\"elementor-heading-title elementor-size-default\">Czyli inaczej toksyna botulinowa  jest bardzo cz\u0119sto stosowany w zabiegach medycyny estetycznej, poniewa\u017c wstrzykni\u0119cie odpowiedniej dawki tej substancji skutkuje ograniczeniem aktywno\u015bci danego mi\u0119\u015bnia.\n<\/h2>\t\t\t\t<\/div>\n\t\t\t\t<\/div>\n\t\t\t\t<div class=\"elementor-element elementor-element-c9d809e elementor-widget elementor-widget-spacer\" data-id=\"c9d809e\" data-element_type=\"widget\" data-widget_type=\"spacer.default\">\n\t\t\t\t<div class=\"elementor-widget-container\">\n\t\t\t\t\t\t\t<div class=\"elementor-spacer\">\n\t\t\t<div class=\"elementor-spacer-inner\"><\/div>\n\t\t<\/div>\n\t\t\t\t\t\t<\/div>\n\t\t\t\t<\/div>\n\t\t\t\t\t<\/div>\n\t\t\t\t<\/div>\n\t\t\t\t<\/div>\n\t\t","protected":false},"excerpt":{"rendered":"<p>Medycyna estetyczna Odkryj \u015bwiat medycyny estetycznej w naszej klinice, gdzie \u0142\u0105czymy nauk\u0119 i sztuk\u0119, by dostarczy\u0107 najwy\u017cszej jako\u015bci zabiegi poprawiaj\u0105ce [&hellip;]<\/p>\n","protected":false},"author":1,"featured_media":0,"parent":0,"menu_order":0,"comment_status":"closed","ping_status":"closed","template":"","meta":{"site-sidebar-layout":"no-sidebar","site-content-layout":"","ast-site-content-layout":"full-width-container","site-content-style":"default","site-sidebar-style":"default","ast-global-header-display":"","ast-banner-title-visibility":"","ast-main-header-display":"","ast-hfb-above-header-display":"","ast-hfb-below-header-display":"","ast-hfb-mobile-header-display":"","site-post-title":"disabled","ast-breadcrumbs-content":"","ast-featured-img":"disabled","footer-sml-layout":"","theme-transparent-header-meta":"","adv-header-id-meta":"","stick-header-meta":"","header-above-stick-meta":"","header-main-stick-meta":"","header-below-stick-meta":"","astra-migrate-meta-layouts":"default","ast-page-background-enabled":"default","ast-page-background-meta":{"desktop":{"background-color":"var(--ast-global-color-4)","background-image":"","background-repeat":"repeat","background-position":"center center","background-size":"auto","background-attachment":"scroll","background-type":"","background-media":"","overlay-type":"","overlay-color":"","overlay-gradient":""},"tablet":{"background-color":"","background-image":"","background-repeat":"repeat","background-position":"center center","background-size":"auto","background-attachment":"scroll","background-type":"","background-media":"","overlay-type":"","overlay-color":"","overlay-gradient":""},"mobile":{"background-color":"","background-image":"","background-repeat":"repeat","background-position":"center center","background-size":"auto","background-attachment":"scroll","background-type":"","background-media":"","overlay-type":"","overlay-color":"","overlay-gradient":""}},"ast-content-background-meta":{"desktop":{"background-color":"var(--ast-global-color-5)","background-image":"","background-repeat":"repeat","background-position":"center center","background-size":"auto","background-attachment":"scroll","background-type":"","background-media":"","overlay-type":"","overlay-color":"","overlay-gradient":""},"tablet":{"background-color":"var(--ast-global-color-5)","background-image":"","background-repeat":"repeat","background-position":"center center","background-size":"auto","background-attachment":"scroll","background-type":"","background-media":"","overlay-type":"","overlay-color":"","overlay-gradient":""},"mobile":{"background-color":"var(--ast-global-color-5)","background-image":"","background-repeat":"repeat","background-position":"center center","background-size":"auto","background-attachment":"scroll","background-type":"","background-media":"","overlay-type":"","overlay-color":"","overlay-gradient":""}},"footnotes":""},"class_list":["post-90","page","type-page","status-publish","hentry"],"_links":{"self":[{"href":"https:\/\/aesthetics-paradise.com\/pl\/wp-json\/wp\/v2\/pages\/90","targetHints":{"allow":["GET"]}}],"collection":[{"href":"https:\/\/aesthetics-paradise.com\/pl\/wp-json\/wp\/v2\/pages"}],"about":[{"href":"https:\/\/aesthetics-paradise.com\/pl\/wp-json\/wp\/v2\/types\/page"}],"author":[{"embeddable":true,"href":"https:\/\/aesthetics-paradise.com\/pl\/wp-json\/wp\/v2\/users\/1"}],"replies":[{"embeddable":true,"href":"https:\/\/aesthetics-paradise.com\/pl\/wp-json\/wp\/v2\/comments?post=90"}],"version-history":[{"count":7,"href":"https:\/\/aesthetics-paradise.com\/pl\/wp-json\/wp\/v2\/pages\/90\/revisions"}],"predecessor-version":[{"id":1043,"href":"https:\/\/aesthetics-paradise.com\/pl\/wp-json\/wp\/v2\/pages\/90\/revisions\/1043"}],"wp:attachment":[{"href":"https:\/\/aesthetics-paradise.com\/pl\/wp-json\/wp\/v2\/media?parent=90"}],"curies":[{"name":"wp","href":"https:\/\/api.w.org\/{rel}","templated":true}]}}