{"id":85,"date":"2024-05-07T17:28:38","date_gmt":"2024-05-07T15:28:38","guid":{"rendered":"https:\/\/aesthetics-paradise.com\/?page_id=85"},"modified":"2024-06-26T16:13:12","modified_gmt":"2024-06-26T14:13:12","slug":"brwi-i-rzesy","status":"publish","type":"page","link":"https:\/\/aesthetics-paradise.com\/pl\/brwi-i-rzesy\/","title":{"rendered":"Stylizacja brwi i rz\u0119s"},"content":{"rendered":"\t\t<div data-elementor-type=\"wp-page\" data-elementor-id=\"85\" class=\"elementor elementor-85\" data-elementor-post-type=\"page\">\n\t\t\t\t<div class=\"elementor-element elementor-element-5d77638 e-flex e-con-boxed e-con e-parent\" data-id=\"5d77638\" data-element_type=\"container\">\n\t\t\t\t\t<div class=\"e-con-inner\">\n\t\t\t\t<div class=\"elementor-element elementor-element-b527ae9 elementor-widget elementor-widget-spacer\" data-id=\"b527ae9\" data-element_type=\"widget\" data-widget_type=\"spacer.default\">\n\t\t\t\t<div class=\"elementor-widget-container\">\n\t\t\t\t\t\t\t<div class=\"elementor-spacer\">\n\t\t\t<div class=\"elementor-spacer-inner\"><\/div>\n\t\t<\/div>\n\t\t\t\t\t\t<\/div>\n\t\t\t\t<\/div>\n\t\t<div class=\"elementor-element elementor-element-062003d e-flex e-con-boxed e-con e-child\" data-id=\"062003d\" data-element_type=\"container\">\n\t\t\t\t\t<div class=\"e-con-inner\">\n\t\t<div class=\"elementor-element elementor-element-e67222a e-con-full elementor-hidden-mobile e-flex e-con e-child\" data-id=\"e67222a\" data-element_type=\"container\" data-settings=\"{&quot;background_background&quot;:&quot;classic&quot;}\">\n\t\t\t\t<div class=\"elementor-element elementor-element-fce4a03 elementor-widget elementor-widget-image\" data-id=\"fce4a03\" data-element_type=\"widget\" data-widget_type=\"image.default\">\n\t\t\t\t<div class=\"elementor-widget-container\">\n\t\t\t\t\t\t\t\t\t\t\t\t\t\t\t<img fetchpriority=\"high\" decoding=\"async\" width=\"1024\" height=\"683\" src=\"https:\/\/aesthetics-paradise.com\/wp-content\/uploads\/2024\/05\/woman-going-through-microblading-procedure-1024x683.jpg\" class=\"attachment-large size-large wp-image-712\" alt=\"\" srcset=\"https:\/\/aesthetics-paradise.com\/wp-content\/uploads\/2024\/05\/woman-going-through-microblading-procedure-1024x683.jpg 1024w, https:\/\/aesthetics-paradise.com\/wp-content\/uploads\/2024\/05\/woman-going-through-microblading-procedure-scaled-600x400.jpg 600w, https:\/\/aesthetics-paradise.com\/wp-content\/uploads\/2024\/05\/woman-going-through-microblading-procedure-300x200.jpg 300w, https:\/\/aesthetics-paradise.com\/wp-content\/uploads\/2024\/05\/woman-going-through-microblading-procedure-768x512.jpg 768w, https:\/\/aesthetics-paradise.com\/wp-content\/uploads\/2024\/05\/woman-going-through-microblading-procedure-1536x1024.jpg 1536w, https:\/\/aesthetics-paradise.com\/wp-content\/uploads\/2024\/05\/woman-going-through-microblading-procedure-2048x1365.jpg 2048w, https:\/\/aesthetics-paradise.com\/wp-content\/uploads\/2024\/05\/woman-going-through-microblading-procedure-1320x880.jpg 1320w\" sizes=\"(max-width: 1024px) 100vw, 1024px\" \/>\t\t\t\t\t\t\t\t\t\t\t\t\t\t\t<\/div>\n\t\t\t\t<\/div>\n\t\t\t\t<\/div>\n\t\t<div class=\"elementor-element elementor-element-8bb0052 e-con-full e-flex e-con e-child\" data-id=\"8bb0052\" data-element_type=\"container\" data-settings=\"{&quot;background_background&quot;:&quot;classic&quot;}\">\n\t\t\t\t<div class=\"elementor-element elementor-element-d1f5014 elementor-widget elementor-widget-heading\" data-id=\"d1f5014\" data-element_type=\"widget\" data-widget_type=\"heading.default\">\n\t\t\t\t<div class=\"elementor-widget-container\">\n\t\t\t\t\t<h2 class=\"elementor-heading-title elementor-size-default\">Stylizacja brwi i rz\u0119s<\/h2>\t\t\t\t<\/div>\n\t\t\t\t<\/div>\n\t\t\t\t<div class=\"elementor-element elementor-element-4322823 elementor-widget elementor-widget-heading\" data-id=\"4322823\" data-element_type=\"widget\" data-widget_type=\"heading.default\">\n\t\t\t\t<div class=\"elementor-widget-container\">\n\t\t\t\t\t<h2 class=\"elementor-heading-title elementor-size-default\">Zapraszamy do odkrycia naszej r\u00f3\u017cnorodnej oferty zabieg\u00f3w na stylizacj\u0119 brwi i rz\u0119s, kt\u00f3re s\u0105 dostosowane do indywidualnych potrzeb ka\u017cdego klienta. Nasz wykwalifikowany zesp\u00f3\u0142 stosuje najnowsze techniki i produkty wysokiej jako\u015bci, aby podkre\u015bli\u0107 Twoje naturalne pi\u0119kno. Oferujemy szerok\u0105 gam\u0119 us\u0142ug takich jak lifting brwi i laminacj\u0119 rz\u0119s lub ich przed\u0142u\u017canie i zag\u0119szczanie. <\/h2>\t\t\t\t<\/div>\n\t\t\t\t<\/div>\n\t\t\t\t<div class=\"elementor-element elementor-element-6d66aff elementor-align-left elementor-mobile-align-center elementor-hidden-mobile elementor-widget elementor-widget-button\" data-id=\"6d66aff\" data-element_type=\"widget\" data-widget_type=\"button.default\">\n\t\t\t\t<div class=\"elementor-widget-container\">\n\t\t\t\t\t\t\t\t\t<div class=\"elementor-button-wrapper\">\n\t\t\t\t\t<a class=\"elementor-button elementor-button-link elementor-size-sm elementor-animation-shrink\" href=\"https:\/\/aesthetics-paradise.com\/#kontakt\">\n\t\t\t\t\t\t<span class=\"elementor-button-content-wrapper\">\n\t\t\t\t\t\t\t\t\t<span class=\"elementor-button-text\">Kontakt<\/span>\n\t\t\t\t\t<\/span>\n\t\t\t\t\t<\/a>\n\t\t\t\t<\/div>\n\t\t\t\t\t\t\t\t<\/div>\n\t\t\t\t<\/div>\n\t\t\t\t<\/div>\n\t\t\t\t\t<\/div>\n\t\t\t\t<\/div>\n\t\t\t\t\t<\/div>\n\t\t\t\t<\/div>\n\t\t<div class=\"elementor-element elementor-element-a1a0100 e-flex e-con-boxed e-con e-parent\" data-id=\"a1a0100\" data-element_type=\"container\">\n\t\t\t\t\t<div class=\"e-con-inner\">\n\t\t\t\t<div class=\"elementor-element elementor-element-c093b3d elementor-widget elementor-widget-spacer\" data-id=\"c093b3d\" data-element_type=\"widget\" data-widget_type=\"spacer.default\">\n\t\t\t\t<div class=\"elementor-widget-container\">\n\t\t\t\t\t\t\t<div class=\"elementor-spacer\">\n\t\t\t<div class=\"elementor-spacer-inner\"><\/div>\n\t\t<\/div>\n\t\t\t\t\t\t<\/div>\n\t\t\t\t<\/div>\n\t\t\t\t<div class=\"elementor-element elementor-element-a9ca459 elementor-widget elementor-widget-heading\" data-id=\"a9ca459\" data-element_type=\"widget\" data-widget_type=\"heading.default\">\n\t\t\t\t<div class=\"elementor-widget-container\">\n\t\t\t\t\t<h2 class=\"elementor-heading-title elementor-size-default\">Henna pudrowa<\/h2>\t\t\t\t<\/div>\n\t\t\t\t<\/div>\n\t\t\t\t<div class=\"elementor-element elementor-element-994a45e elementor-widget elementor-widget-heading\" data-id=\"994a45e\" data-element_type=\"widget\" data-widget_type=\"heading.default\">\n\t\t\t\t<div class=\"elementor-widget-container\">\n\t\t\t\t\t<h2 class=\"elementor-heading-title elementor-size-default\">Polega na koloryzacji brwi oraz nadaniu im odpowiedniego kszta\u0142tu. Henna pudrowa to aktywny kosmetyk, kt\u00f3ry pracuje na sk\u00f3rze jeszcze pewien czas po wizycie w salonie. Efekt utrwala si\u0119 po up\u0142ywie 24 godzin, a kolor w\u0142a\u015bciwy jest zwykle odrobin\u0119 ja\u015bniejszy ni\u017c bezpo\u015brednio po zabiegu. <\/h2>\t\t\t\t<\/div>\n\t\t\t\t<\/div>\n\t\t\t\t<div class=\"elementor-element elementor-element-7683c48 elementor-widget elementor-widget-heading\" data-id=\"7683c48\" data-element_type=\"widget\" data-widget_type=\"heading.default\">\n\t\t\t\t<div class=\"elementor-widget-container\">\n\t\t\t\t\t<h2 class=\"elementor-heading-title elementor-size-default\">Laminacja brwi<\/h2>\t\t\t\t<\/div>\n\t\t\t\t<\/div>\n\t\t\t\t<div class=\"elementor-element elementor-element-990430e elementor-widget elementor-widget-heading\" data-id=\"990430e\" data-element_type=\"widget\" data-widget_type=\"heading.default\">\n\t\t\t\t<div class=\"elementor-widget-container\">\n\t\t\t\t\t<h2 class=\"elementor-heading-title elementor-size-default\">Laminowanie brwi to zabieg, kt\u00f3ry pozwala ujarzmi\u0107 niesforne i nieregularne brwi. Zmienia ich kszta\u0142t, od\u017cywia je, regeneruje i nadaje im blask.<\/h2>\t\t\t\t<\/div>\n\t\t\t\t<\/div>\n\t\t\t\t<div class=\"elementor-element elementor-element-d179be7 elementor-widget elementor-widget-heading\" data-id=\"d179be7\" data-element_type=\"widget\" data-widget_type=\"heading.default\">\n\t\t\t\t<div class=\"elementor-widget-container\">\n\t\t\t\t\t<h2 class=\"elementor-heading-title elementor-size-default\">Lifting rz\u0119s<\/h2>\t\t\t\t<\/div>\n\t\t\t\t<\/div>\n\t\t\t\t<div class=\"elementor-element elementor-element-7fce806 elementor-widget elementor-widget-heading\" data-id=\"7fce806\" data-element_type=\"widget\" data-widget_type=\"heading.default\">\n\t\t\t\t<div class=\"elementor-widget-container\">\n\t\t\t\t\t<h2 class=\"elementor-heading-title elementor-size-default\">To  zabieg podniesienia i podkr\u0119cenia rz\u0119s, kt\u00f3ry daje trwa\u0142y, naturalny efekt. Otwiera on oczy, daje wra\u017cenie d\u0142u\u017cszych, g\u0119stszych i ciemniejszych rz\u0119s.  Rz\u0119sy s\u0105 wyra\u017anie podkre\u015blone i od\u017cywione. Pe\u0142ne efekty zabiegu widoczne s\u0105 po 24h, zaraz po zabiegu rz\u0119sy mog\u0105 by\u0107 jeszcze wilgotne od u\u017cytych preparat\u00f3w, a przez to posklejane. Najlepszy efekt uzyskuje si\u0119 po rozczesaniu ich nast\u0119pnego dnia. Rz\u0119sy wygl\u0105daj\u0105 naturalnie i \u0142adnie si\u0119 uk\u0142adaj\u0105. Nie ma mowy o \u017cadnym obci\u0105\u017ceniu. <\/h2>\t\t\t\t<\/div>\n\t\t\t\t<\/div>\n\t\t\t\t<div class=\"elementor-element elementor-element-ec328b1 elementor-widget elementor-widget-spacer\" data-id=\"ec328b1\" data-element_type=\"widget\" data-widget_type=\"spacer.default\">\n\t\t\t\t<div class=\"elementor-widget-container\">\n\t\t\t\t\t\t\t<div class=\"elementor-spacer\">\n\t\t\t<div class=\"elementor-spacer-inner\"><\/div>\n\t\t<\/div>\n\t\t\t\t\t\t<\/div>\n\t\t\t\t<\/div>\n\t\t\t\t\t<\/div>\n\t\t\t\t<\/div>\n\t\t\t\t<\/div>\n\t\t","protected":false},"excerpt":{"rendered":"<p>Stylizacja brwi i rz\u0119s Zapraszamy do odkrycia naszej r\u00f3\u017cnorodnej oferty zabieg\u00f3w na stylizacj\u0119 brwi i rz\u0119s, kt\u00f3re s\u0105 dostosowane do [&hellip;]<\/p>\n","protected":false},"author":1,"featured_media":0,"parent":0,"menu_order":0,"comment_status":"closed","ping_status":"closed","template":"","meta":{"site-sidebar-layout":"no-sidebar","site-content-layout":"","ast-site-content-layout":"full-width-container","site-content-style":"default","site-sidebar-style":"default","ast-global-header-display":"","ast-banner-title-visibility":"","ast-main-header-display":"","ast-hfb-above-header-display":"","ast-hfb-below-header-display":"","ast-hfb-mobile-header-display":"","site-post-title":"disabled","ast-breadcrumbs-content":"","ast-featured-img":"disabled","footer-sml-layout":"","theme-transparent-header-meta":"","adv-header-id-meta":"","stick-header-meta":"","header-above-stick-meta":"","header-main-stick-meta":"","header-below-stick-meta":"","astra-migrate-meta-layouts":"default","ast-page-background-enabled":"default","ast-page-background-meta":{"desktop":{"background-color":"var(--ast-global-color-4)","background-image":"","background-repeat":"repeat","background-position":"center center","background-size":"auto","background-attachment":"scroll","background-type":"","background-media":"","overlay-type":"","overlay-color":"","overlay-gradient":""},"tablet":{"background-color":"","background-image":"","background-repeat":"repeat","background-position":"center center","background-size":"auto","background-attachment":"scroll","background-type":"","background-media":"","overlay-type":"","overlay-color":"","overlay-gradient":""},"mobile":{"background-color":"","background-image":"","background-repeat":"repeat","background-position":"center center","background-size":"auto","background-attachment":"scroll","background-type":"","background-media":"","overlay-type":"","overlay-color":"","overlay-gradient":""}},"ast-content-background-meta":{"desktop":{"background-color":"var(--ast-global-color-5)","background-image":"","background-repeat":"repeat","background-position":"center center","background-size":"auto","background-attachment":"scroll","background-type":"","background-media":"","overlay-type":"","overlay-color":"","overlay-gradient":""},"tablet":{"background-color":"var(--ast-global-color-5)","background-image":"","background-repeat":"repeat","background-position":"center center","background-size":"auto","background-attachment":"scroll","background-type":"","background-media":"","overlay-type":"","overlay-color":"","overlay-gradient":""},"mobile":{"background-color":"var(--ast-global-color-5)","background-image":"","background-repeat":"repeat","background-position":"center center","background-size":"auto","background-attachment":"scroll","background-type":"","background-media":"","overlay-type":"","overlay-color":"","overlay-gradient":""}},"footnotes":""},"class_list":["post-85","page","type-page","status-publish","hentry"],"_links":{"self":[{"href":"https:\/\/aesthetics-paradise.com\/pl\/wp-json\/wp\/v2\/pages\/85","targetHints":{"allow":["GET"]}}],"collection":[{"href":"https:\/\/aesthetics-paradise.com\/pl\/wp-json\/wp\/v2\/pages"}],"about":[{"href":"https:\/\/aesthetics-paradise.com\/pl\/wp-json\/wp\/v2\/types\/page"}],"author":[{"embeddable":true,"href":"https:\/\/aesthetics-paradise.com\/pl\/wp-json\/wp\/v2\/users\/1"}],"replies":[{"embeddable":true,"href":"https:\/\/aesthetics-paradise.com\/pl\/wp-json\/wp\/v2\/comments?post=85"}],"version-history":[{"count":17,"href":"https:\/\/aesthetics-paradise.com\/pl\/wp-json\/wp\/v2\/pages\/85\/revisions"}],"predecessor-version":[{"id":1036,"href":"https:\/\/aesthetics-paradise.com\/pl\/wp-json\/wp\/v2\/pages\/85\/revisions\/1036"}],"wp:attachment":[{"href":"https:\/\/aesthetics-paradise.com\/pl\/wp-json\/wp\/v2\/media?parent=85"}],"curies":[{"name":"wp","href":"https:\/\/api.w.org\/{rel}","templated":true}]}}