{"id":80,"date":"2024-05-07T17:28:06","date_gmt":"2024-05-07T15:28:06","guid":{"rendered":"https:\/\/aesthetics-paradise.com\/?page_id=80"},"modified":"2024-06-26T16:22:31","modified_gmt":"2024-06-26T14:22:31","slug":"zabiegi-na-cialo","status":"publish","type":"page","link":"https:\/\/aesthetics-paradise.com\/pl\/zabiegi-na-cialo\/","title":{"rendered":"Zabiegi na cia\u0142o"},"content":{"rendered":"\t\t<div data-elementor-type=\"wp-page\" data-elementor-id=\"80\" class=\"elementor elementor-80\" data-elementor-post-type=\"page\">\n\t\t\t\t<div class=\"elementor-element elementor-element-7528092 e-flex e-con-boxed e-con e-parent\" data-id=\"7528092\" data-element_type=\"container\">\n\t\t\t\t\t<div class=\"e-con-inner\">\n\t\t\t\t<div class=\"elementor-element elementor-element-49f58e1 elementor-widget elementor-widget-spacer\" data-id=\"49f58e1\" data-element_type=\"widget\" data-widget_type=\"spacer.default\">\n\t\t\t\t<div class=\"elementor-widget-container\">\n\t\t\t\t\t\t\t<div class=\"elementor-spacer\">\n\t\t\t<div class=\"elementor-spacer-inner\"><\/div>\n\t\t<\/div>\n\t\t\t\t\t\t<\/div>\n\t\t\t\t<\/div>\n\t\t<div class=\"elementor-element elementor-element-b75ffa4 e-flex e-con-boxed e-con e-child\" data-id=\"b75ffa4\" data-element_type=\"container\">\n\t\t\t\t\t<div class=\"e-con-inner\">\n\t\t<div class=\"elementor-element elementor-element-a33ea19 e-con-full elementor-hidden-mobile e-flex e-con e-child\" data-id=\"a33ea19\" data-element_type=\"container\" data-settings=\"{&quot;background_background&quot;:&quot;classic&quot;}\">\n\t\t\t\t<div class=\"elementor-element elementor-element-30fea64 elementor-widget elementor-widget-image\" data-id=\"30fea64\" data-element_type=\"widget\" data-widget_type=\"image.default\">\n\t\t\t\t<div class=\"elementor-widget-container\">\n\t\t\t\t\t\t\t\t\t\t\t\t\t\t\t<img fetchpriority=\"high\" decoding=\"async\" width=\"1024\" height=\"683\" src=\"https:\/\/aesthetics-paradise.com\/wp-content\/uploads\/2024\/05\/young-woman-lying-cosmetologist-s-table-rejuvenation-procedure-1024x683.jpg\" class=\"attachment-large size-large wp-image-702\" alt=\"\" srcset=\"https:\/\/aesthetics-paradise.com\/wp-content\/uploads\/2024\/05\/young-woman-lying-cosmetologist-s-table-rejuvenation-procedure-1024x683.jpg 1024w, https:\/\/aesthetics-paradise.com\/wp-content\/uploads\/2024\/05\/young-woman-lying-cosmetologist-s-table-rejuvenation-procedure-scaled-600x400.jpg 600w, https:\/\/aesthetics-paradise.com\/wp-content\/uploads\/2024\/05\/young-woman-lying-cosmetologist-s-table-rejuvenation-procedure-300x200.jpg 300w, https:\/\/aesthetics-paradise.com\/wp-content\/uploads\/2024\/05\/young-woman-lying-cosmetologist-s-table-rejuvenation-procedure-768x512.jpg 768w, https:\/\/aesthetics-paradise.com\/wp-content\/uploads\/2024\/05\/young-woman-lying-cosmetologist-s-table-rejuvenation-procedure-1536x1024.jpg 1536w, https:\/\/aesthetics-paradise.com\/wp-content\/uploads\/2024\/05\/young-woman-lying-cosmetologist-s-table-rejuvenation-procedure-2048x1365.jpg 2048w, https:\/\/aesthetics-paradise.com\/wp-content\/uploads\/2024\/05\/young-woman-lying-cosmetologist-s-table-rejuvenation-procedure-1320x880.jpg 1320w\" sizes=\"(max-width: 1024px) 100vw, 1024px\" \/>\t\t\t\t\t\t\t\t\t\t\t\t\t\t\t<\/div>\n\t\t\t\t<\/div>\n\t\t\t\t<\/div>\n\t\t<div class=\"elementor-element elementor-element-58785f9 e-con-full e-flex e-con e-child\" data-id=\"58785f9\" data-element_type=\"container\" data-settings=\"{&quot;background_background&quot;:&quot;classic&quot;}\">\n\t\t\t\t<div class=\"elementor-element elementor-element-2691829 elementor-widget elementor-widget-heading\" data-id=\"2691829\" data-element_type=\"widget\" data-widget_type=\"heading.default\">\n\t\t\t\t<div class=\"elementor-widget-container\">\n\t\t\t\t\t<h2 class=\"elementor-heading-title elementor-size-default\">Zabiegi na cia\u0142o<\/h2>\t\t\t\t<\/div>\n\t\t\t\t<\/div>\n\t\t\t\t<div class=\"elementor-element elementor-element-f0a1d11 elementor-widget elementor-widget-heading\" data-id=\"f0a1d11\" data-element_type=\"widget\" data-widget_type=\"heading.default\">\n\t\t\t\t<div class=\"elementor-widget-container\">\n\t\t\t\t\t<h2 class=\"elementor-heading-title elementor-size-default\">Zapraszamy do skorzystania z naszej r\u00f3\u017cnorodnej oferty zabieg\u00f3w na cia\u0142o, kt\u00f3re zosta\u0142y stworzone z my\u015bl\u0105 o g\u0142\u0119bokim odpr\u0119\u017ceniu i regeneracji. Ka\u017cdy z zabieg\u00f3w przeprowadzany jest przez wykwalifikowany personel przy u\u017cyciu zaawansowanych metod i najwy\u017cszej jako\u015bci produkt\u00f3w. Oferujemy szereg opcji, od masa\u017c\u00f3w relaksacyjnych i antycellulitowych,  a\u017c po zabiegi wyszczuplaj\u0105ce i modeluj\u0105ce sylwetk\u0119.<\/h2>\t\t\t\t<\/div>\n\t\t\t\t<\/div>\n\t\t\t\t<div class=\"elementor-element elementor-element-3a2697d elementor-align-left elementor-mobile-align-center elementor-hidden-mobile elementor-widget elementor-widget-button\" data-id=\"3a2697d\" data-element_type=\"widget\" data-widget_type=\"button.default\">\n\t\t\t\t<div class=\"elementor-widget-container\">\n\t\t\t\t\t\t\t\t\t<div class=\"elementor-button-wrapper\">\n\t\t\t\t\t<a class=\"elementor-button elementor-button-link elementor-size-sm elementor-animation-shrink\" href=\"https:\/\/aesthetics-paradise.com\/#kontakt\">\n\t\t\t\t\t\t<span class=\"elementor-button-content-wrapper\">\n\t\t\t\t\t\t\t\t\t<span class=\"elementor-button-text\">Kontakt<\/span>\n\t\t\t\t\t<\/span>\n\t\t\t\t\t<\/a>\n\t\t\t\t<\/div>\n\t\t\t\t\t\t\t\t<\/div>\n\t\t\t\t<\/div>\n\t\t\t\t<\/div>\n\t\t\t\t\t<\/div>\n\t\t\t\t<\/div>\n\t\t\t\t\t<\/div>\n\t\t\t\t<\/div>\n\t\t<div class=\"elementor-element elementor-element-761ea04 e-flex e-con-boxed e-con e-parent\" data-id=\"761ea04\" data-element_type=\"container\">\n\t\t\t\t\t<div class=\"e-con-inner\">\n\t\t\t\t<div class=\"elementor-element elementor-element-9eb037b elementor-widget elementor-widget-spacer\" data-id=\"9eb037b\" data-element_type=\"widget\" data-widget_type=\"spacer.default\">\n\t\t\t\t<div class=\"elementor-widget-container\">\n\t\t\t\t\t\t\t<div class=\"elementor-spacer\">\n\t\t\t<div class=\"elementor-spacer-inner\"><\/div>\n\t\t<\/div>\n\t\t\t\t\t\t<\/div>\n\t\t\t\t<\/div>\n\t\t\t\t<div class=\"elementor-element elementor-element-cf43604 elementor-widget elementor-widget-heading\" data-id=\"cf43604\" data-element_type=\"widget\" data-widget_type=\"heading.default\">\n\t\t\t\t<div class=\"elementor-widget-container\">\n\t\t\t\t\t<h2 class=\"elementor-heading-title elementor-size-default\">Dermomasa\u017c<\/h2>\t\t\t\t<\/div>\n\t\t\t\t<\/div>\n\t\t\t\t<div class=\"elementor-element elementor-element-60e4e86 elementor-widget elementor-widget-heading\" data-id=\"60e4e86\" data-element_type=\"widget\" data-widget_type=\"heading.default\">\n\t\t\t\t<div class=\"elementor-widget-container\">\n\t\t\t\t\t<h2 class=\"elementor-heading-title elementor-size-default\">Dermomasa\u017c jest zabiegiem estetycznym, kt\u00f3ry polega na wykonywaniu g\u0142\u0119bokiego masa\u017cu przy u\u017cyciu specjalnego sprz\u0119tu, kt\u00f3ry ma na celu promowanie eliminacji cellulitu i zlokalizowanego t\u0142uszczu, zw\u0142aszcza na brzuchu, nogach i ramionach, poniewa\u017c urz\u0105dzenie stymuluje kr\u0105\u017cenie krwi.<\/h2>\t\t\t\t<\/div>\n\t\t\t\t<\/div>\n\t\t\t\t<div class=\"elementor-element elementor-element-5555eff elementor-widget elementor-widget-heading\" data-id=\"5555eff\" data-element_type=\"widget\" data-widget_type=\"heading.default\">\n\t\t\t\t<div class=\"elementor-widget-container\">\n\t\t\t\t\t<h2 class=\"elementor-heading-title elementor-size-default\">Liposukcja ultrad\u017awi\u0119kowa<\/h2>\t\t\t\t<\/div>\n\t\t\t\t<\/div>\n\t\t\t\t<div class=\"elementor-element elementor-element-85e6516 elementor-widget elementor-widget-heading\" data-id=\"85e6516\" data-element_type=\"widget\" data-widget_type=\"heading.default\">\n\t\t\t\t<div class=\"elementor-widget-container\">\n\t\t\t\t\t<h2 class=\"elementor-heading-title elementor-size-default\">To jeden z nieinwazyjnych zabieg\u00f3w medycyny estetycznej, kt\u00f3rego celem jest redukcja tkanki t\u0142uszczowej za pomoc\u0105 ultradzwiekow. Wskazaniem do jej wykonania jest tak\u017ce cellulit, rozst\u0119py i blizny atroficzne, inaczej zanikowe.<\/h2>\t\t\t\t<\/div>\n\t\t\t\t<\/div>\n\t\t\t\t<div class=\"elementor-element elementor-element-1fea1b9 elementor-widget elementor-widget-heading\" data-id=\"1fea1b9\" data-element_type=\"widget\" data-widget_type=\"heading.default\">\n\t\t\t\t<div class=\"elementor-widget-container\">\n\t\t\t\t\t<h2 class=\"elementor-heading-title elementor-size-default\">Radiofrekwencja mikroig\u0142owa<\/h2>\t\t\t\t<\/div>\n\t\t\t\t<\/div>\n\t\t\t\t<div class=\"elementor-element elementor-element-8470ba3 elementor-widget elementor-widget-heading\" data-id=\"8470ba3\" data-element_type=\"widget\" data-widget_type=\"heading.default\">\n\t\t\t\t<div class=\"elementor-widget-container\">\n\t\t\t\t\t<h2 class=\"elementor-heading-title elementor-size-default\">Doskona\u0142y zabieg redukuj\u0105cy rozst\u0119py i zwiotczenia sk\u00f3ry. Mikronak\u0142ucia mobilizuj\u0105 sk\u00f3r\u0119 do regeneracji, a fale radiowe podgrzewaj\u0105 j\u0105, co powoduje obkurczenie w\u0142\u00f3kien kolagenowych, zostaje zainicjowany proces tworzenia nowych w\u0142\u00f3kien.<\/h2>\t\t\t\t<\/div>\n\t\t\t\t<\/div>\n\t\t\t\t<div class=\"elementor-element elementor-element-8363583 elementor-widget elementor-widget-heading\" data-id=\"8363583\" data-element_type=\"widget\" data-widget_type=\"heading.default\">\n\t\t\t\t<div class=\"elementor-widget-container\">\n\t\t\t\t\t<h2 class=\"elementor-heading-title elementor-size-default\">Biolift Therapy<\/h2>\t\t\t\t<\/div>\n\t\t\t\t<\/div>\n\t\t\t\t<div class=\"elementor-element elementor-element-0c386a1 elementor-widget elementor-widget-heading\" data-id=\"0c386a1\" data-element_type=\"widget\" data-widget_type=\"heading.default\">\n\t\t\t\t<div class=\"elementor-widget-container\">\n\t\t\t\t\t<h2 class=\"elementor-heading-title elementor-size-default\">Zabieg na modelowanie sylwetki - jest to biostymulacja sk\u00f3ry na poziomie kom\u00f3rkowym , zapewniaj\u0105ca maksymalny efekt uj\u0119drnienia sk\u00f3ry i modelowania sylwetki. \u015awietnie sprawdzi si\u0119 w przypadku lu\u017anej sk\u00f3ry na ciele.<\/h2>\t\t\t\t<\/div>\n\t\t\t\t<\/div>\n\t\t\t\t<div class=\"elementor-element elementor-element-d49adf1 elementor-widget elementor-widget-spacer\" data-id=\"d49adf1\" data-element_type=\"widget\" data-widget_type=\"spacer.default\">\n\t\t\t\t<div class=\"elementor-widget-container\">\n\t\t\t\t\t\t\t<div class=\"elementor-spacer\">\n\t\t\t<div class=\"elementor-spacer-inner\"><\/div>\n\t\t<\/div>\n\t\t\t\t\t\t<\/div>\n\t\t\t\t<\/div>\n\t\t\t\t\t<\/div>\n\t\t\t\t<\/div>\n\t\t\t\t<\/div>\n\t\t","protected":false},"excerpt":{"rendered":"<p>Zabiegi na cia\u0142o Zapraszamy do skorzystania z naszej r\u00f3\u017cnorodnej oferty zabieg\u00f3w na cia\u0142o, kt\u00f3re zosta\u0142y stworzone z my\u015bl\u0105 o g\u0142\u0119bokim [&hellip;]<\/p>\n","protected":false},"author":1,"featured_media":0,"parent":0,"menu_order":0,"comment_status":"closed","ping_status":"closed","template":"","meta":{"site-sidebar-layout":"no-sidebar","site-content-layout":"","ast-site-content-layout":"full-width-container","site-content-style":"default","site-sidebar-style":"default","ast-global-header-display":"","ast-banner-title-visibility":"","ast-main-header-display":"","ast-hfb-above-header-display":"","ast-hfb-below-header-display":"","ast-hfb-mobile-header-display":"","site-post-title":"disabled","ast-breadcrumbs-content":"","ast-featured-img":"disabled","footer-sml-layout":"","theme-transparent-header-meta":"","adv-header-id-meta":"","stick-header-meta":"","header-above-stick-meta":"","header-main-stick-meta":"","header-below-stick-meta":"","astra-migrate-meta-layouts":"default","ast-page-background-enabled":"default","ast-page-background-meta":{"desktop":{"background-color":"var(--ast-global-color-4)","background-image":"","background-repeat":"repeat","background-position":"center center","background-size":"auto","background-attachment":"scroll","background-type":"","background-media":"","overlay-type":"","overlay-color":"","overlay-gradient":""},"tablet":{"background-color":"","background-image":"","background-repeat":"repeat","background-position":"center center","background-size":"auto","background-attachment":"scroll","background-type":"","background-media":"","overlay-type":"","overlay-color":"","overlay-gradient":""},"mobile":{"background-color":"","background-image":"","background-repeat":"repeat","background-position":"center center","background-size":"auto","background-attachment":"scroll","background-type":"","background-media":"","overlay-type":"","overlay-color":"","overlay-gradient":""}},"ast-content-background-meta":{"desktop":{"background-color":"var(--ast-global-color-5)","background-image":"","background-repeat":"repeat","background-position":"center center","background-size":"auto","background-attachment":"scroll","background-type":"","background-media":"","overlay-type":"","overlay-color":"","overlay-gradient":""},"tablet":{"background-color":"var(--ast-global-color-5)","background-image":"","background-repeat":"repeat","background-position":"center center","background-size":"auto","background-attachment":"scroll","background-type":"","background-media":"","overlay-type":"","overlay-color":"","overlay-gradient":""},"mobile":{"background-color":"var(--ast-global-color-5)","background-image":"","background-repeat":"repeat","background-position":"center center","background-size":"auto","background-attachment":"scroll","background-type":"","background-media":"","overlay-type":"","overlay-color":"","overlay-gradient":""}},"footnotes":""},"class_list":["post-80","page","type-page","status-publish","hentry"],"_links":{"self":[{"href":"https:\/\/aesthetics-paradise.com\/pl\/wp-json\/wp\/v2\/pages\/80","targetHints":{"allow":["GET"]}}],"collection":[{"href":"https:\/\/aesthetics-paradise.com\/pl\/wp-json\/wp\/v2\/pages"}],"about":[{"href":"https:\/\/aesthetics-paradise.com\/pl\/wp-json\/wp\/v2\/types\/page"}],"author":[{"embeddable":true,"href":"https:\/\/aesthetics-paradise.com\/pl\/wp-json\/wp\/v2\/users\/1"}],"replies":[{"embeddable":true,"href":"https:\/\/aesthetics-paradise.com\/pl\/wp-json\/wp\/v2\/comments?post=80"}],"version-history":[{"count":16,"href":"https:\/\/aesthetics-paradise.com\/pl\/wp-json\/wp\/v2\/pages\/80\/revisions"}],"predecessor-version":[{"id":1039,"href":"https:\/\/aesthetics-paradise.com\/pl\/wp-json\/wp\/v2\/pages\/80\/revisions\/1039"}],"wp:attachment":[{"href":"https:\/\/aesthetics-paradise.com\/pl\/wp-json\/wp\/v2\/media?parent=80"}],"curies":[{"name":"wp","href":"https:\/\/api.w.org\/{rel}","templated":true}]}}