{"id":75,"date":"2024-05-07T17:27:04","date_gmt":"2024-05-07T15:27:04","guid":{"rendered":"https:\/\/aesthetics-paradise.com\/?page_id=75"},"modified":"2024-06-26T16:26:47","modified_gmt":"2024-06-26T14:26:47","slug":"zabiegi-na-twarz","status":"publish","type":"page","link":"https:\/\/aesthetics-paradise.com\/pl\/zabiegi-na-twarz\/","title":{"rendered":"Zabiegi na twarz"},"content":{"rendered":"\t\t<div data-elementor-type=\"wp-page\" data-elementor-id=\"75\" class=\"elementor elementor-75\" data-elementor-post-type=\"page\">\n\t\t\t\t<div class=\"elementor-element elementor-element-dad4495 e-flex e-con-boxed e-con e-parent\" data-id=\"dad4495\" data-element_type=\"container\">\n\t\t\t\t\t<div class=\"e-con-inner\">\n\t\t\t\t<div class=\"elementor-element elementor-element-0a0295d elementor-widget elementor-widget-spacer\" data-id=\"0a0295d\" data-element_type=\"widget\" data-widget_type=\"spacer.default\">\n\t\t\t\t<div class=\"elementor-widget-container\">\n\t\t\t\t\t\t\t<div class=\"elementor-spacer\">\n\t\t\t<div class=\"elementor-spacer-inner\"><\/div>\n\t\t<\/div>\n\t\t\t\t\t\t<\/div>\n\t\t\t\t<\/div>\n\t\t\t\t\t<\/div>\n\t\t\t\t<\/div>\n\t\t<div class=\"elementor-element elementor-element-eeb5097 e-flex e-con-boxed e-con e-parent\" data-id=\"eeb5097\" data-element_type=\"container\">\n\t\t\t\t\t<div class=\"e-con-inner\">\n\t\t<div class=\"elementor-element elementor-element-81a4ce4 e-con-full elementor-hidden-mobile e-flex e-con e-child\" data-id=\"81a4ce4\" data-element_type=\"container\" data-settings=\"{&quot;background_background&quot;:&quot;classic&quot;}\">\n\t\t\t\t<div class=\"elementor-element elementor-element-7f018d3 elementor-widget elementor-widget-image\" data-id=\"7f018d3\" data-element_type=\"widget\" data-widget_type=\"image.default\">\n\t\t\t\t<div class=\"elementor-widget-container\">\n\t\t\t\t\t\t\t\t\t\t\t\t\t\t\t<img fetchpriority=\"high\" decoding=\"async\" width=\"966\" height=\"1024\" src=\"https:\/\/aesthetics-paradise.com\/wp-content\/uploads\/2024\/05\/image-3-4-966x1024.png\" class=\"attachment-large size-large wp-image-925\" alt=\"\" srcset=\"https:\/\/aesthetics-paradise.com\/wp-content\/uploads\/2024\/05\/image-3-4-966x1024.png 966w, https:\/\/aesthetics-paradise.com\/wp-content\/uploads\/2024\/05\/image-3-4-600x636.png 600w, https:\/\/aesthetics-paradise.com\/wp-content\/uploads\/2024\/05\/image-3-4-283x300.png 283w, https:\/\/aesthetics-paradise.com\/wp-content\/uploads\/2024\/05\/image-3-4-768x814.png 768w, https:\/\/aesthetics-paradise.com\/wp-content\/uploads\/2024\/05\/image-3-4-1448x1536.png 1448w, https:\/\/aesthetics-paradise.com\/wp-content\/uploads\/2024\/05\/image-3-4-1320x1400.png 1320w, https:\/\/aesthetics-paradise.com\/wp-content\/uploads\/2024\/05\/image-3-4.png 1918w\" sizes=\"(max-width: 966px) 100vw, 966px\" \/>\t\t\t\t\t\t\t\t\t\t\t\t\t\t\t<\/div>\n\t\t\t\t<\/div>\n\t\t\t\t<\/div>\n\t\t<div class=\"elementor-element elementor-element-927655f e-con-full e-flex e-con e-child\" data-id=\"927655f\" data-element_type=\"container\" data-settings=\"{&quot;background_background&quot;:&quot;classic&quot;}\">\n\t\t\t\t<div class=\"elementor-element elementor-element-0f84fa5 elementor-widget elementor-widget-heading\" data-id=\"0f84fa5\" data-element_type=\"widget\" data-widget_type=\"heading.default\">\n\t\t\t\t<div class=\"elementor-widget-container\">\n\t\t\t\t\t<h2 class=\"elementor-heading-title elementor-size-default\">Zabiegi na twarz<\/h2>\t\t\t\t<\/div>\n\t\t\t\t<\/div>\n\t\t\t\t<div class=\"elementor-element elementor-element-1556554 elementor-widget elementor-widget-heading\" data-id=\"1556554\" data-element_type=\"widget\" data-widget_type=\"heading.default\">\n\t\t\t\t<div class=\"elementor-widget-container\">\n\t\t\t\t\t<h2 class=\"elementor-heading-title elementor-size-default\">Zapraszamy do zapoznania si\u0119 z naszym szerokim wachlarzem zabieg\u00f3w na twarz, kt\u00f3re zosta\u0142y opracowane z my\u015bl\u0105 o kompleksowej piel\u0119gnacji sk\u00f3ry. Nasze zabiegi s\u0105 wykonywane przez do\u015bwiadczony personel, u\u017cywaj\u0105c najnowocze\u015bniejszych technik i urz\u0105dze\u0144, aby zapewni\u0107 Ci zdrow\u0105, promienn\u0105 sk\u00f3r\u0119. Niezale\u017cnie od Twoich potrzeb, mamy co\u015b dla Ciebie, od oczyszczania i nawil\u017cania po redukcj\u0119 zmarszczek i uj\u0119drnianie sk\u00f3ry.<\/h2>\t\t\t\t<\/div>\n\t\t\t\t<\/div>\n\t\t\t\t<div class=\"elementor-element elementor-element-206c98f elementor-align-left elementor-mobile-align-center elementor-hidden-mobile elementor-widget elementor-widget-button\" data-id=\"206c98f\" data-element_type=\"widget\" data-widget_type=\"button.default\">\n\t\t\t\t<div class=\"elementor-widget-container\">\n\t\t\t\t\t\t\t\t\t<div class=\"elementor-button-wrapper\">\n\t\t\t\t\t<a class=\"elementor-button elementor-button-link elementor-size-sm elementor-animation-shrink\" href=\"https:\/\/aesthetics-paradise.com\/#kontakt\">\n\t\t\t\t\t\t<span class=\"elementor-button-content-wrapper\">\n\t\t\t\t\t\t\t\t\t<span class=\"elementor-button-text\">Kontakt<\/span>\n\t\t\t\t\t<\/span>\n\t\t\t\t\t<\/a>\n\t\t\t\t<\/div>\n\t\t\t\t\t\t\t\t<\/div>\n\t\t\t\t<\/div>\n\t\t\t\t<\/div>\n\t\t\t\t\t<\/div>\n\t\t\t\t<\/div>\n\t\t<div class=\"elementor-element elementor-element-ceb54b1 e-flex e-con-boxed e-con e-parent\" data-id=\"ceb54b1\" data-element_type=\"container\">\n\t\t\t\t\t<div class=\"e-con-inner\">\n\t\t\t\t<div class=\"elementor-element elementor-element-257bf0e elementor-widget elementor-widget-spacer\" data-id=\"257bf0e\" data-element_type=\"widget\" data-widget_type=\"spacer.default\">\n\t\t\t\t<div class=\"elementor-widget-container\">\n\t\t\t\t\t\t\t<div class=\"elementor-spacer\">\n\t\t\t<div class=\"elementor-spacer-inner\"><\/div>\n\t\t<\/div>\n\t\t\t\t\t\t<\/div>\n\t\t\t\t<\/div>\n\t\t\t\t<div class=\"elementor-element elementor-element-19acd27 elementor-widget elementor-widget-heading\" data-id=\"19acd27\" data-element_type=\"widget\" data-widget_type=\"heading.default\">\n\t\t\t\t<div class=\"elementor-widget-container\">\n\t\t\t\t\t<h2 class=\"elementor-heading-title elementor-size-default\">Peeling kawitacyjny<\/h2>\t\t\t\t<\/div>\n\t\t\t\t<\/div>\n\t\t\t\t<div class=\"elementor-element elementor-element-9dcd77a elementor-widget elementor-widget-heading\" data-id=\"9dcd77a\" data-element_type=\"widget\" data-widget_type=\"heading.default\">\n\t\t\t\t<div class=\"elementor-widget-container\">\n\t\t\t\t\t<h2 class=\"elementor-heading-title elementor-size-default\">Peeling kawitacyjny \u2013 czyli inaczej ultrad\u017awi\u0119ki to jedna z najcz\u0119\u015bciej stosowanych metod w gabinecie kosmetycznym. Zabieg polega na bezbolesnym oczyszczaniu sk\u00f3ry z zalegaj\u0105cej warstwy zrogowacia\u0142ego nask\u00f3rka , toksyn , bakterii oraz gruczo\u0142\u00f3w \u0142ojowych.<\/h2>\t\t\t\t<\/div>\n\t\t\t\t<\/div>\n\t\t\t\t<div class=\"elementor-element elementor-element-8705abe elementor-widget elementor-widget-heading\" data-id=\"8705abe\" data-element_type=\"widget\" data-widget_type=\"heading.default\">\n\t\t\t\t<div class=\"elementor-widget-container\">\n\t\t\t\t\t<h2 class=\"elementor-heading-title elementor-size-default\">Oczyszczanie twarzy 5 etapowe<\/h2>\t\t\t\t<\/div>\n\t\t\t\t<\/div>\n\t\t\t\t<div class=\"elementor-element elementor-element-706c56d elementor-widget elementor-widget-heading\" data-id=\"706c56d\" data-element_type=\"widget\" data-widget_type=\"heading.default\">\n\t\t\t\t<div class=\"elementor-widget-container\">\n\t\t\t\t\t<h2 class=\"elementor-heading-title elementor-size-default\">Manualne oczyszczenie sk\u00f3ry idealnie sprawdzi si\u0119 dla cery mieszanej, \u0142ojotokowej, z wyst\u0119puj\u0105cym tr\u0105dzikiem m\u0142odzie\u0144czym czy te\u017c \u0142ojotokowym zapaleniem sk\u00f3ry. Polega ono na r\u0119cznym usuwaniu wszelkich niedoskona\u0142o\u015bci ze sk\u00f3ry, takich jak prosaki, w\u0105gry, a tak\u017ce zamkni\u0119te oraz otwarte zask\u00f3rniki.<\/h2>\t\t\t\t<\/div>\n\t\t\t\t<\/div>\n\t\t\t\t<div class=\"elementor-element elementor-element-0656110 elementor-widget elementor-widget-heading\" data-id=\"0656110\" data-element_type=\"widget\" data-widget_type=\"heading.default\">\n\t\t\t\t<div class=\"elementor-widget-container\">\n\t\t\t\t\t<h2 class=\"elementor-heading-title elementor-size-default\">Oczyszczanie wodorowe<\/h2>\t\t\t\t<\/div>\n\t\t\t\t<\/div>\n\t\t\t\t<div class=\"elementor-element elementor-element-9891a48 elementor-widget elementor-widget-heading\" data-id=\"9891a48\" data-element_type=\"widget\" data-widget_type=\"heading.default\">\n\t\t\t\t<div class=\"elementor-widget-container\">\n\t\t\t\t\t<h2 class=\"elementor-heading-title elementor-size-default\">Peeling wodorowy to innowacyjna technika, kt\u00f3ra polega na oczyszczaniu sk\u00f3ry oraz zapobieganiu procesom jej starzenia za pomoc\u0105 aktywnego wodoru. Stanowi on doskona\u0142e rozwi\u0105zanie w walce o oczyszczenie, odm\u0142odzenie, a tak\u017ce odpowiednie nawil\u017cenie sk\u00f3ry, kt\u00f3ra nabiera pe\u0142nego blasku.<\/h2>\t\t\t\t<\/div>\n\t\t\t\t<\/div>\n\t\t\t\t<div class=\"elementor-element elementor-element-365a264 elementor-widget elementor-widget-heading\" data-id=\"365a264\" data-element_type=\"widget\" data-widget_type=\"heading.default\">\n\t\t\t\t<div class=\"elementor-widget-container\">\n\t\t\t\t\t<h2 class=\"elementor-heading-title elementor-size-default\">Oksybrazja<\/h2>\t\t\t\t<\/div>\n\t\t\t\t<\/div>\n\t\t\t\t<div class=\"elementor-element elementor-element-0e330a1 elementor-widget elementor-widget-heading\" data-id=\"0e330a1\" data-element_type=\"widget\" data-widget_type=\"heading.default\">\n\t\t\t\t<div class=\"elementor-widget-container\">\n\t\t\t\t\t<h2 class=\"elementor-heading-title elementor-size-default\">Oxybrazja to delikatny zabieg kosmetyczny polegaj\u0105cy na intensywnym i zarazem bezbolesnym z\u0142uszczaniu martwego nask\u00f3rka, nawil\u017ceniu i dotlenieniu sk\u00f3ry.<\/h2>\t\t\t\t<\/div>\n\t\t\t\t<\/div>\n\t\t\t\t<div class=\"elementor-element elementor-element-6a6c216 elementor-widget elementor-widget-heading\" data-id=\"6a6c216\" data-element_type=\"widget\" data-widget_type=\"heading.default\">\n\t\t\t\t<div class=\"elementor-widget-container\">\n\t\t\t\t\t<h2 class=\"elementor-heading-title elementor-size-default\">Peeling zio\u0142owy<\/h2>\t\t\t\t<\/div>\n\t\t\t\t<\/div>\n\t\t\t\t<div class=\"elementor-element elementor-element-2a02dd1 elementor-widget elementor-widget-heading\" data-id=\"2a02dd1\" data-element_type=\"widget\" data-widget_type=\"heading.default\">\n\t\t\t\t<div class=\"elementor-widget-container\">\n\t\t\t\t\t<h2 class=\"elementor-heading-title elementor-size-default\">Peeling algowo-zio\u0142owy przeznaczony jest do wykonywania zabieg\u00f3w g\u0142\u0119bokiego z\u0142uszczania nask\u00f3rka. Dzi\u0119ki synergicznym zastosowaniu naturalnych sk\u0142adnik\u00f3w, takich jak: rozmaryn, owies, wierzba bia\u0142a, morszczyn p\u0119cherzykowaty i ekstraktu z alg, peeling intensywnie eksfoliuje nask\u00f3rek.\nJe\u015bli twoja sk\u00f3ra jest problematyczna, t\u0142usta z rozszerzonymi uj\u015bciami gruczo\u0142\u00f3w \u0142ojowych albo masz blizny potr\u0105dzikowe, to ten zabieg jest dedykowany w\u0142a\u015bnie Tobie.\n<\/h2>\t\t\t\t<\/div>\n\t\t\t\t<\/div>\n\t\t\t\t<div class=\"elementor-element elementor-element-6791416 elementor-widget elementor-widget-heading\" data-id=\"6791416\" data-element_type=\"widget\" data-widget_type=\"heading.default\">\n\t\t\t\t<div class=\"elementor-widget-container\">\n\t\t\t\t\t<h2 class=\"elementor-heading-title elementor-size-default\">Mikrodermabrazja<\/h2>\t\t\t\t<\/div>\n\t\t\t\t<\/div>\n\t\t\t\t<div class=\"elementor-element elementor-element-5b8ee78 elementor-widget elementor-widget-heading\" data-id=\"5b8ee78\" data-element_type=\"widget\" data-widget_type=\"heading.default\">\n\t\t\t\t<div class=\"elementor-widget-container\">\n\t\t\t\t\t<h2 class=\"elementor-heading-title elementor-size-default\">G\u0142\u00f3wnym celem mikrodermabrazji jest dok\u0142adne oczyszczenie sk\u00f3ry od samego nask\u00f3rka a\u017c po g\u0142\u0119bokie warstwy sk\u00f3ry. Tego typu zabieg mobilizuje sk\u00f3r\u0119 do odbudowy i podnosi zdolno\u015b\u0107 do wch\u0142aniania si\u0119 substancji od\u017cywczych. Cera po mikrodermabrazji jest wyra\u017anie oczyszczona, roz\u015bwietlona I zregenerowana.\n<\/h2>\t\t\t\t<\/div>\n\t\t\t\t<\/div>\n\t\t\t\t<div class=\"elementor-element elementor-element-2306662 elementor-widget elementor-widget-heading\" data-id=\"2306662\" data-element_type=\"widget\" data-widget_type=\"heading.default\">\n\t\t\t\t<div class=\"elementor-widget-container\">\n\t\t\t\t\t<h2 class=\"elementor-heading-title elementor-size-default\">Mezoterapia ig\u0142owa<\/h2>\t\t\t\t<\/div>\n\t\t\t\t<\/div>\n\t\t\t\t<div class=\"elementor-element elementor-element-0a1542f elementor-widget elementor-widget-heading\" data-id=\"0a1542f\" data-element_type=\"widget\" data-widget_type=\"heading.default\">\n\t\t\t\t<div class=\"elementor-widget-container\">\n\t\t\t\t\t<h2 class=\"elementor-heading-title elementor-size-default\">Mezoterapia to zabieg, kt\u00f3ry warto podarowa\u0107 swojej sk\u00f3rze, idealnie sprawdza si\u0119, gdy cera jest sucha i zm\u0119czona, ma ziemisty kolor, pojawiaj\u0105 si\u0119 na niej przebarwienia lub zmiany potr\u0105dzikowe. Zabieg przeznaczony jest r\u00f3wnie\u017c dla os\u00f3b, u kt\u00f3rych pojawi\u0142 si\u0119 cellulit czy wiotczenie niekt\u00f3rych warstw sk\u00f3rnych. Mezoterapi\u0119 ig\u0142ow\u0105 mo\u017cna przeprowadza\u0107 na r\u00f3\u017cnych obszarach cia\u0142a, przede wszystkim na twarzy, szyi, dekolcie, po wewn\u0119trznej stronie ramion lub ud, na brzuchu, a tak\u017ce na grzbietach d\u0142oni. Wskazaniem do wykonania zabiegu jest r\u00f3wnie\u017c problem z wypadaniem w\u0142os\u00f3w lub og\u00f3lne pogorszenie ich kondycji. Mezoterapia pomaga w zmniejszeniu ilo\u015bci gromadz\u0105cej si\u0119 w r\u00f3\u017cnych miejscach tkanki t\u0142uszczowej, na przyk\u0142ad w okolicach podbr\u00f3dka.\n<\/h2>\t\t\t\t<\/div>\n\t\t\t\t<\/div>\n\t\t\t\t<div class=\"elementor-element elementor-element-6d76f2b elementor-widget elementor-widget-heading\" data-id=\"6d76f2b\" data-element_type=\"widget\" data-widget_type=\"heading.default\">\n\t\t\t\t<div class=\"elementor-widget-container\">\n\t\t\t\t\t<h2 class=\"elementor-heading-title elementor-size-default\">Mezoterapia mikroig\u0142owa<\/h2>\t\t\t\t<\/div>\n\t\t\t\t<\/div>\n\t\t\t\t<div class=\"elementor-element elementor-element-9d9cc53 elementor-widget elementor-widget-heading\" data-id=\"9d9cc53\" data-element_type=\"widget\" data-widget_type=\"heading.default\">\n\t\t\t\t<div class=\"elementor-widget-container\">\n\t\t\t\t\t<h2 class=\"elementor-heading-title elementor-size-default\">Jego celem jest pobudzenie produkcji nowego kolagenu i og\u00f3lna rewitalizacja sk\u00f3ry.  Polega na mechanicznym nak\u0142uwaniu sk\u00f3ry urz\u0105dzeniem wyposa\u017conym w mikroigie\u0142ki. Poprzez otwarcie kilku tysi\u0119cy mikrokanalik\u00f3w kosmetolog mo\u017ce wprowadzi\u0107 skoncentrowane sk\u0142adniki od\u017cywcze w specjalnym preparacie w g\u0142\u0105b sk\u00f3ry, pomijaj\u0105c barier\u0119 ochronn\u0105 nask\u00f3rka.\n<\/h2>\t\t\t\t<\/div>\n\t\t\t\t<\/div>\n\t\t\t\t<div class=\"elementor-element elementor-element-675322e elementor-widget elementor-widget-heading\" data-id=\"675322e\" data-element_type=\"widget\" data-widget_type=\"heading.default\">\n\t\t\t\t<div class=\"elementor-widget-container\">\n\t\t\t\t\t<h2 class=\"elementor-heading-title elementor-size-default\">Radiofrekwencja mikroig\u0142owa<\/h2>\t\t\t\t<\/div>\n\t\t\t\t<\/div>\n\t\t\t\t<div class=\"elementor-element elementor-element-9aee1cd elementor-widget elementor-widget-heading\" data-id=\"9aee1cd\" data-element_type=\"widget\" data-widget_type=\"heading.default\">\n\t\t\t\t<div class=\"elementor-widget-container\">\n\t\t\t\t\t<h2 class=\"elementor-heading-title elementor-size-default\">To  zabieg, kt\u00f3ry polega na wykonaniu mikronak\u0142u\u0107 sk\u00f3ry z jednoczesnym ogrzewaniem tkanek za pomoc\u0105 fali radiowej. Ten tzw. termolifting daje efekty w postaci sp\u0142ycenia zmarszczek, poprawy owalu twarzy oraz uj\u0119drnienia sk\u00f3ry.<\/h2>\t\t\t\t<\/div>\n\t\t\t\t<\/div>\n\t\t\t\t<div class=\"elementor-element elementor-element-9a9997b elementor-widget elementor-widget-heading\" data-id=\"9a9997b\" data-element_type=\"widget\" data-widget_type=\"heading.default\">\n\t\t\t\t<div class=\"elementor-widget-container\">\n\t\t\t\t\t<h2 class=\"elementor-heading-title elementor-size-default\">Peeling w\u0119glowy<\/h2>\t\t\t\t<\/div>\n\t\t\t\t<\/div>\n\t\t\t\t<div class=\"elementor-element elementor-element-cc6cd6b elementor-widget elementor-widget-heading\" data-id=\"cc6cd6b\" data-element_type=\"widget\" data-widget_type=\"heading.default\">\n\t\t\t\t<div class=\"elementor-widget-container\">\n\t\t\t\t\t<h2 class=\"elementor-heading-title elementor-size-default\">Peeling w\u0119glowy sprawia, \u017ce sk\u00f3ra jest dog\u0142\u0119bnie oczyszczona i niesamowicie wyg\u0142adzona. Szczeg\u00f3lnie polecany jest dla os\u00f3b, z cer\u0105 t\u0142ust\u0105 i problematyczn\u0105. To bezinwazyjna metoda wykonywana za pomoc\u0105 maski w\u0119glowej i lasera.<\/h2>\t\t\t\t<\/div>\n\t\t\t\t<\/div>\n\t\t\t\t<div class=\"elementor-element elementor-element-dcf52eb elementor-widget elementor-widget-heading\" data-id=\"dcf52eb\" data-element_type=\"widget\" data-widget_type=\"heading.default\">\n\t\t\t\t<div class=\"elementor-widget-container\">\n\t\t\t\t\t<h2 class=\"elementor-heading-title elementor-size-default\">Oxygen<\/h2>\t\t\t\t<\/div>\n\t\t\t\t<\/div>\n\t\t\t\t<div class=\"elementor-element elementor-element-9150162 elementor-widget elementor-widget-heading\" data-id=\"9150162\" data-element_type=\"widget\" data-widget_type=\"heading.default\">\n\t\t\t\t<div class=\"elementor-widget-container\">\n\t\t\t\t\t<h2 class=\"elementor-heading-title elementor-size-default\">To zabieg, kt\u00f3ry zapewnia odm\u0142odzenie, od\u017cywienie i rozja\u015bnienie sk\u00f3ry. Podczas pierwszej fazy zabiegu dochodzi do z\u0142uszczenia zewn\u0119trznej warstwy sk\u00f3ry, tworz\u0105c tym samym idealne \u015brodowisko do wch\u0142aniania si\u0119 niezb\u0119dnych sk\u0142adnik\u00f3w od\u017cywczych. Jednocze\u015bnie na powierzchni sk\u00f3ry dochodzi do po\u0142\u0105czenia kapsu\u0142ki i \u017celu, w wyniku kt\u00f3rego wytwarzana jest niezliczona ilo\u015b\u0107 mikrop\u0119cherzyk\u00f3w bogatych w CO2.<\/h2>\t\t\t\t<\/div>\n\t\t\t\t<\/div>\n\t\t\t\t<div class=\"elementor-element elementor-element-aa50889 elementor-widget elementor-widget-heading\" data-id=\"aa50889\" data-element_type=\"widget\" data-widget_type=\"heading.default\">\n\t\t\t\t<div class=\"elementor-widget-container\">\n\t\t\t\t\t<h2 class=\"elementor-heading-title elementor-size-default\">Kwasy z\u0142uszczaj\u0105ce<\/h2>\t\t\t\t<\/div>\n\t\t\t\t<\/div>\n\t\t\t\t<div class=\"elementor-element elementor-element-09263b6 elementor-widget elementor-widget-heading\" data-id=\"09263b6\" data-element_type=\"widget\" data-widget_type=\"heading.default\">\n\t\t\t\t<div class=\"elementor-widget-container\">\n\t\t\t\t\t<h2 class=\"elementor-heading-title elementor-size-default\">Zabieg kt\u00f3ry usuwa zrogowacia\u0142y, martwy nask\u00f3rek, dzi\u0119ki czemu reguluje odnow\u0119 kom\u00f3rkow\u0105 sk\u00f3ry, poprawiaj\u0105c struktur\u0119, nawil\u017cenie i koloryt;\nPomagaj\u0105 usun\u0105\u0107 przebarwienia i drobne blizny potr\u0105dzikowe a tak\u017ce odblokowuj\u0105 pory usuwaj\u0105c zanieczyszczenia. Maj\u0105 tak\u017ce dzia\u0142anie antybakteryjne, dzi\u0119ki czemu zapobiegaj\u0105 i wspieraj\u0105 leczenie ognisk zapalnych, wyprysk\u00f3w czy tr\u0105dziku.\n<\/h2>\t\t\t\t<\/div>\n\t\t\t\t<\/div>\n\t\t\t\t<div class=\"elementor-element elementor-element-1453fba elementor-widget elementor-widget-heading\" data-id=\"1453fba\" data-element_type=\"widget\" data-widget_type=\"heading.default\">\n\t\t\t\t<div class=\"elementor-widget-container\">\n\t\t\t\t\t<h2 class=\"elementor-heading-title elementor-size-default\">Biolift Therapy<\/h2>\t\t\t\t<\/div>\n\t\t\t\t<\/div>\n\t\t\t\t<div class=\"elementor-element elementor-element-9f2351d elementor-widget elementor-widget-heading\" data-id=\"9f2351d\" data-element_type=\"widget\" data-widget_type=\"heading.default\">\n\t\t\t\t<div class=\"elementor-widget-container\">\n\t\t\t\t\t<h2 class=\"elementor-heading-title elementor-size-default\">To metoda bezoperacyjnego liftingu twarzy, szyi i dekoltu wykonywanego poprzez sondy emituj\u0105ce mikropr\u0105dy Jest to metoda szybkiego i trwa\u0142ego uj\u0119drnienia sk\u00f3ry, poprawiaj\u0105ca owal twarzy i redukuj\u0105ca zmarszczki.\n<\/h2>\t\t\t\t<\/div>\n\t\t\t\t<\/div>\n\t\t\t\t<div class=\"elementor-element elementor-element-97ff6a0 elementor-widget elementor-widget-spacer\" data-id=\"97ff6a0\" data-element_type=\"widget\" data-widget_type=\"spacer.default\">\n\t\t\t\t<div class=\"elementor-widget-container\">\n\t\t\t\t\t\t\t<div class=\"elementor-spacer\">\n\t\t\t<div class=\"elementor-spacer-inner\"><\/div>\n\t\t<\/div>\n\t\t\t\t\t\t<\/div>\n\t\t\t\t<\/div>\n\t\t\t\t\t<\/div>\n\t\t\t\t<\/div>\n\t\t\t\t<\/div>\n\t\t","protected":false},"excerpt":{"rendered":"<p>Zabiegi na twarz Zapraszamy do zapoznania si\u0119 z naszym szerokim wachlarzem zabieg\u00f3w na twarz, kt\u00f3re zosta\u0142y opracowane z my\u015bl\u0105 o [&hellip;]<\/p>\n","protected":false},"author":1,"featured_media":0,"parent":0,"menu_order":0,"comment_status":"closed","ping_status":"closed","template":"","meta":{"site-sidebar-layout":"no-sidebar","site-content-layout":"","ast-site-content-layout":"full-width-container","site-content-style":"default","site-sidebar-style":"default","ast-global-header-display":"","ast-banner-title-visibility":"","ast-main-header-display":"","ast-hfb-above-header-display":"","ast-hfb-below-header-display":"","ast-hfb-mobile-header-display":"","site-post-title":"disabled","ast-breadcrumbs-content":"","ast-featured-img":"disabled","footer-sml-layout":"","theme-transparent-header-meta":"","adv-header-id-meta":"","stick-header-meta":"","header-above-stick-meta":"","header-main-stick-meta":"","header-below-stick-meta":"","astra-migrate-meta-layouts":"default","ast-page-background-enabled":"default","ast-page-background-meta":{"desktop":{"background-color":"var(--ast-global-color-4)","background-image":"","background-repeat":"repeat","background-position":"center center","background-size":"auto","background-attachment":"scroll","background-type":"","background-media":"","overlay-type":"","overlay-color":"","overlay-gradient":""},"tablet":{"background-color":"","background-image":"","background-repeat":"repeat","background-position":"center center","background-size":"auto","background-attachment":"scroll","background-type":"","background-media":"","overlay-type":"","overlay-color":"","overlay-gradient":""},"mobile":{"background-color":"","background-image":"","background-repeat":"repeat","background-position":"center center","background-size":"auto","background-attachment":"scroll","background-type":"","background-media":"","overlay-type":"","overlay-color":"","overlay-gradient":""}},"ast-content-background-meta":{"desktop":{"background-color":"var(--ast-global-color-5)","background-image":"","background-repeat":"repeat","background-position":"center center","background-size":"auto","background-attachment":"scroll","background-type":"","background-media":"","overlay-type":"","overlay-color":"","overlay-gradient":""},"tablet":{"background-color":"var(--ast-global-color-5)","background-image":"","background-repeat":"repeat","background-position":"center center","background-size":"auto","background-attachment":"scroll","background-type":"","background-media":"","overlay-type":"","overlay-color":"","overlay-gradient":""},"mobile":{"background-color":"var(--ast-global-color-5)","background-image":"","background-repeat":"repeat","background-position":"center center","background-size":"auto","background-attachment":"scroll","background-type":"","background-media":"","overlay-type":"","overlay-color":"","overlay-gradient":""}},"footnotes":""},"class_list":["post-75","page","type-page","status-publish","hentry"],"_links":{"self":[{"href":"https:\/\/aesthetics-paradise.com\/pl\/wp-json\/wp\/v2\/pages\/75","targetHints":{"allow":["GET"]}}],"collection":[{"href":"https:\/\/aesthetics-paradise.com\/pl\/wp-json\/wp\/v2\/pages"}],"about":[{"href":"https:\/\/aesthetics-paradise.com\/pl\/wp-json\/wp\/v2\/types\/page"}],"author":[{"embeddable":true,"href":"https:\/\/aesthetics-paradise.com\/pl\/wp-json\/wp\/v2\/users\/1"}],"replies":[{"embeddable":true,"href":"https:\/\/aesthetics-paradise.com\/pl\/wp-json\/wp\/v2\/comments?post=75"}],"version-history":[{"count":73,"href":"https:\/\/aesthetics-paradise.com\/pl\/wp-json\/wp\/v2\/pages\/75\/revisions"}],"predecessor-version":[{"id":1021,"href":"https:\/\/aesthetics-paradise.com\/pl\/wp-json\/wp\/v2\/pages\/75\/revisions\/1021"}],"wp:attachment":[{"href":"https:\/\/aesthetics-paradise.com\/pl\/wp-json\/wp\/v2\/media?parent=75"}],"curies":[{"name":"wp","href":"https:\/\/api.w.org\/{rel}","templated":true}]}}