{"id":624,"date":"2024-05-15T14:45:33","date_gmt":"2024-05-15T12:45:33","guid":{"rendered":"https:\/\/aesthetics-paradise.com\/koszyk\/"},"modified":"2024-06-07T17:18:11","modified_gmt":"2024-06-07T15:18:11","slug":"koszyk","status":"publish","type":"page","link":"https:\/\/aesthetics-paradise.com\/pl\/koszyk\/","title":{"rendered":"Koszyk"},"content":{"rendered":"\t\t<div data-elementor-type=\"wp-page\" data-elementor-id=\"624\" class=\"elementor elementor-624\" data-elementor-post-type=\"page\">\n\t\t\t\t<div class=\"elementor-element elementor-element-2f25dd1f e-flex e-con-boxed e-con e-parent\" data-id=\"2f25dd1f\" data-element_type=\"container\">\n\t\t\t\t\t<div class=\"e-con-inner\">\n\t\t\t\t\t<\/div>\n\t\t\t\t<\/div>\n\t\t<div class=\"elementor-element elementor-element-cc7eff7 e-flex e-con-boxed e-con e-parent\" data-id=\"cc7eff7\" data-element_type=\"container\">\n\t\t\t\t\t<div class=\"e-con-inner\">\n\t\t\t\t<div class=\"elementor-element elementor-element-768564f wl-product-image-show-yes wl-product-image-show-tablet-yes wl-product-image-show-mobile-yes wl-product-name-show-yes wl-product-name-show-tablet-yes wl-product-name-show-mobile-yes wl-product-category-show-tablet-yes wl-product-category-show-mobile-no wl-product-price-show-yes wl-product-price-show-tablet-yes wl-product-price-show-mobile-yes wl-product-quantity-show-yes wl-product-quantity-show-tablet-yes wl-product-quantity-show-mobile-yes wl-product-subtotal-show-yes wl-product-subtotal-show-tablet-yes wl-product-subtotal-show-mobile-yes wl-product-remove-show-yes wl-product-remove-show-tablet-yes wl-product-remove-show-mobile-yes elementor-widget elementor-widget-cart-items\" data-id=\"768564f\" data-element_type=\"widget\" data-widget_type=\"cart-items.default\">\n\t\t\t\t<div class=\"elementor-widget-container\">\n\t\t\t\t\t<div class=\"woocommerce-notices-wrapper\"><\/div>\n\t\t<div class=\"wl-ci\">\n\t\t\t<div class=\"wl-ci-product-style\">\n\t\t\t\t<div class=\"cx-container\">\n\t\t\t\t\t<div class=\"cx-row\">\n\t\t\t\t\t\t<div class=\"cx-col-md-12 cx-col-sm-12\">\n\t\t\t\t\t\t\t<div class=\"woocommerce\">\n\t\t\t\t\t\t\t\t<form class=\"woocommerce-cart-form wl-ci-cart-form\" action=\"https:\/\/aesthetics-paradise.com\/pl\/koszyk\/\" method=\"post\">\n\t\t\t\t\t\t\t\t\t<div class=\"woocommerce-notices-wrapper\"><\/div><div class=\"wc-empty-cart-message\">\n\t<div class=\"cart-empty woocommerce-info\">\n\t\tTw\u00f3j koszyk aktualnie jest pusty.\t<\/div>\n<\/div>\t\t\t\t\t\t\t\t<\/form>\n\t\t\t\t\t\t\t<\/div>\n\t\t\t\t\t\t<\/div>\n\n\t\t\t\t\t\t\t\t\t\t\t\n\n\t\t\t\t\t<\/div>\n\t\t\t\t<\/div>\n\t\t\t<\/div>\n\t\t<\/div>\n\t\t\t\t\t\t<\/div>\n\t\t\t\t<\/div>\n\t\t\t\t\t<\/div>\n\t\t\t\t<\/div>\n\t\t<div class=\"elementor-element elementor-element-cacfd1f e-flex e-con-boxed e-con e-parent\" data-id=\"cacfd1f\" data-element_type=\"container\">\n\t\t\t\t\t<div class=\"e-con-inner\">\n\t\t<div class=\"elementor-element elementor-element-b98490d e-con-full e-flex e-con e-child\" data-id=\"b98490d\" data-element_type=\"container\">\n\t\t\t\t<\/div>\n\t\t<div class=\"elementor-element elementor-element-ecbcdf0 e-con-full e-flex e-con e-child\" data-id=\"ecbcdf0\" data-element_type=\"container\" data-settings=\"{&quot;background_background&quot;:&quot;classic&quot;}\">\n\t\t\t\t<div class=\"elementor-element elementor-element-e3236b6 elementor-widget elementor-widget-heading\" data-id=\"e3236b6\" data-element_type=\"widget\" data-widget_type=\"heading.default\">\n\t\t\t\t<div class=\"elementor-widget-container\">\n\t\t\t\t\t<h2 class=\"elementor-heading-title elementor-size-default\">Podsumowanie<\/h2>\t\t\t\t<\/div>\n\t\t\t\t<\/div>\n\t\t\t\t<\/div>\n\t\t\t\t\t<\/div>\n\t\t\t\t<\/div>\n\t\t<div class=\"elementor-element elementor-element-c8b2e30 e-flex e-con-boxed e-con e-parent\" data-id=\"c8b2e30\" data-element_type=\"container\">\n\t\t\t\t\t<div class=\"e-con-inner\">\n\t\t\t\t<div class=\"elementor-element elementor-element-ba6e850 elementor-widget elementor-widget-spacer\" data-id=\"ba6e850\" data-element_type=\"widget\" data-widget_type=\"spacer.default\">\n\t\t\t\t<div class=\"elementor-widget-container\">\n\t\t\t\t\t\t\t<div class=\"elementor-spacer\">\n\t\t\t<div class=\"elementor-spacer-inner\"><\/div>\n\t\t<\/div>\n\t\t\t\t\t\t<\/div>\n\t\t\t\t<\/div>\n\t\t\t\t\t<\/div>\n\t\t\t\t<\/div>\n\t\t\t\t<\/div>\n\t\t","protected":false},"excerpt":{"rendered":"<p>Produkt Cena Ilo\u015b\u0107 W sumie Mezoterapia sk\u00f3ry g\u0142owy pojedynczy zabieg Mezoterapia sk\u00f3ry g\u0142owy &pound;60.00 ilo\u015b\u0107 Mezoterapia sk\u00f3ry g\u0142owy pojedynczy zabieg [&hellip;]<\/p>\n","protected":false},"author":1,"featured_media":0,"parent":0,"menu_order":0,"comment_status":"closed","ping_status":"closed","template":"elementor_header_footer","meta":{"site-sidebar-layout":"default","site-content-layout":"","ast-site-content-layout":"","site-content-style":"default","site-sidebar-style":"default","ast-global-header-display":"","ast-banner-title-visibility":"","ast-main-header-display":"","ast-hfb-above-header-display":"","ast-hfb-below-header-display":"","ast-hfb-mobile-header-display":"","site-post-title":"","ast-breadcrumbs-content":"","ast-featured-img":"","footer-sml-layout":"","theme-transparent-header-meta":"","adv-header-id-meta":"","stick-header-meta":"","header-above-stick-meta":"","header-main-stick-meta":"","header-below-stick-meta":"","astra-migrate-meta-layouts":"default","ast-page-background-enabled":"default","ast-page-background-meta":{"desktop":{"background-color":"var(--ast-global-color-4)","background-image":"","background-repeat":"repeat","background-position":"center center","background-size":"auto","background-attachment":"scroll","background-type":"","background-media":"","overlay-type":"","overlay-color":"","overlay-gradient":""},"tablet":{"background-color":"","background-image":"","background-repeat":"repeat","background-position":"center center","background-size":"auto","background-attachment":"scroll","background-type":"","background-media":"","overlay-type":"","overlay-color":"","overlay-gradient":""},"mobile":{"background-color":"","background-image":"","background-repeat":"repeat","background-position":"center center","background-size":"auto","background-attachment":"scroll","background-type":"","background-media":"","overlay-type":"","overlay-color":"","overlay-gradient":""}},"ast-content-background-meta":{"desktop":{"background-color":"var(--ast-global-color-5)","background-image":"","background-repeat":"repeat","background-position":"center center","background-size":"auto","background-attachment":"scroll","background-type":"","background-media":"","overlay-type":"","overlay-color":"","overlay-gradient":""},"tablet":{"background-color":"var(--ast-global-color-5)","background-image":"","background-repeat":"repeat","background-position":"center center","background-size":"auto","background-attachment":"scroll","background-type":"","background-media":"","overlay-type":"","overlay-color":"","overlay-gradient":""},"mobile":{"background-color":"var(--ast-global-color-5)","background-image":"","background-repeat":"repeat","background-position":"center center","background-size":"auto","background-attachment":"scroll","background-type":"","background-media":"","overlay-type":"","overlay-color":"","overlay-gradient":""}},"footnotes":""},"class_list":["post-624","page","type-page","status-publish","hentry"],"_links":{"self":[{"href":"https:\/\/aesthetics-paradise.com\/pl\/wp-json\/wp\/v2\/pages\/624","targetHints":{"allow":["GET"]}}],"collection":[{"href":"https:\/\/aesthetics-paradise.com\/pl\/wp-json\/wp\/v2\/pages"}],"about":[{"href":"https:\/\/aesthetics-paradise.com\/pl\/wp-json\/wp\/v2\/types\/page"}],"author":[{"embeddable":true,"href":"https:\/\/aesthetics-paradise.com\/pl\/wp-json\/wp\/v2\/users\/1"}],"replies":[{"embeddable":true,"href":"https:\/\/aesthetics-paradise.com\/pl\/wp-json\/wp\/v2\/comments?post=624"}],"version-history":[{"count":45,"href":"https:\/\/aesthetics-paradise.com\/pl\/wp-json\/wp\/v2\/pages\/624\/revisions"}],"predecessor-version":[{"id":1184,"href":"https:\/\/aesthetics-paradise.com\/pl\/wp-json\/wp\/v2\/pages\/624\/revisions\/1184"}],"wp:attachment":[{"href":"https:\/\/aesthetics-paradise.com\/pl\/wp-json\/wp\/v2\/media?parent=624"}],"curies":[{"name":"wp","href":"https:\/\/api.w.org\/{rel}","templated":true}]}}