{"id":1823,"date":"2024-07-01T21:39:34","date_gmt":"2024-07-01T19:39:34","guid":{"rendered":"https:\/\/aesthetics-paradise.com\/?page_id=1823"},"modified":"2024-07-01T21:47:22","modified_gmt":"2024-07-01T19:47:22","slug":"regulamin","status":"publish","type":"page","link":"https:\/\/aesthetics-paradise.com\/pl\/regulamin\/","title":{"rendered":"Regulamin"},"content":{"rendered":"\t\t<div data-elementor-type=\"wp-page\" data-elementor-id=\"1823\" class=\"elementor elementor-1823\" data-elementor-post-type=\"page\">\n\t\t\t\t<div class=\"elementor-element elementor-element-edd466d e-flex e-con-boxed e-con e-parent\" data-id=\"edd466d\" data-element_type=\"container\">\n\t\t\t\t\t<div class=\"e-con-inner\">\n\t\t\t\t<div class=\"elementor-element elementor-element-c42bb7f elementor-widget elementor-widget-spacer\" data-id=\"c42bb7f\" data-element_type=\"widget\" data-widget_type=\"spacer.default\">\n\t\t\t\t<div class=\"elementor-widget-container\">\n\t\t\t\t\t\t\t<div class=\"elementor-spacer\">\n\t\t\t<div class=\"elementor-spacer-inner\"><\/div>\n\t\t<\/div>\n\t\t\t\t\t\t<\/div>\n\t\t\t\t<\/div>\n\t\t\t\t<div class=\"elementor-element elementor-element-5e751aa elementor-widget elementor-widget-heading\" data-id=\"5e751aa\" data-element_type=\"widget\" data-widget_type=\"heading.default\">\n\t\t\t\t<div class=\"elementor-widget-container\">\n\t\t\t\t\t<h2 class=\"elementor-heading-title elementor-size-default\">Regulamin<\/h2>\t\t\t\t<\/div>\n\t\t\t\t<\/div>\n\t\t\t\t<div class=\"elementor-element elementor-element-6ed8482 elementor-widget elementor-widget-heading\" data-id=\"6ed8482\" data-element_type=\"widget\" data-widget_type=\"heading.default\">\n\t\t\t\t<div class=\"elementor-widget-container\">\n\t\t\t\t\t<h2 class=\"elementor-heading-title elementor-size-default\">Decyduj\u0105c si\u0119 na skorzystanie z oferowanych us\u0142ug akceptujesz i respektujesz poni\u017cszy regulamin.<\/h2>\t\t\t\t<\/div>\n\t\t\t\t<\/div>\n\t\t\t\t<div class=\"elementor-element elementor-element-12288e0 elementor-widget elementor-widget-spacer\" data-id=\"12288e0\" data-element_type=\"widget\" data-widget_type=\"spacer.default\">\n\t\t\t\t<div class=\"elementor-widget-container\">\n\t\t\t\t\t\t\t<div class=\"elementor-spacer\">\n\t\t\t<div class=\"elementor-spacer-inner\"><\/div>\n\t\t<\/div>\n\t\t\t\t\t\t<\/div>\n\t\t\t\t<\/div>\n\t\t\t\t<div class=\"elementor-element elementor-element-941faf0 elementor-widget elementor-widget-heading\" data-id=\"941faf0\" data-element_type=\"widget\" data-widget_type=\"heading.default\">\n\t\t\t\t<div class=\"elementor-widget-container\">\n\t\t\t\t\t<h2 class=\"elementor-heading-title elementor-size-default\">Higiena i bezpiecze\u0144stwo<\/h2>\t\t\t\t<\/div>\n\t\t\t\t<\/div>\n\t\t\t\t<div class=\"elementor-element elementor-element-4ba0737 elementor-widget elementor-widget-text-editor\" data-id=\"4ba0737\" data-element_type=\"widget\" data-widget_type=\"text-editor.default\">\n\t\t\t\t<div class=\"elementor-widget-container\">\n\t\t\t\t\t\t\t\t\t<ol><li>Powierzchnie p\u0142askie oraz inne elementy wyposa\u017cenia Salonu, z kt\u00f3rymi Klient nie ma bezpo\u015bredniego kontaktu podczas Zabiegu, s\u0105 dezynfekowane lub sterylizowane.<\/li><li>Wszystkie produkty techniczne, na kt\u00f3rych pracujemy s\u0105 \u015bci\u015ble przeznaczone do oferowanych zabieg\u00f3w, a artyku\u0142y jednorazowe dope\u0142niaj\u0105 sterylno\u015bci<\/li><li>W Salonie maj\u0105 zastosowanie wy\u0142\u0105cznie preparaty do dezynfekcji dopuszczone do u\u017cytku w gabinecie kosmetycznym.<\/li><\/ol>\t\t\t\t\t\t\t\t<\/div>\n\t\t\t\t<\/div>\n\t\t\t\t<div class=\"elementor-element elementor-element-e719ebf elementor-widget elementor-widget-heading\" data-id=\"e719ebf\" data-element_type=\"widget\" data-widget_type=\"heading.default\">\n\t\t\t\t<div class=\"elementor-widget-container\">\n\t\t\t\t\t<h2 class=\"elementor-heading-title elementor-size-default\">\u015awiadczenie us\u0142ug kosmetycznych<\/h2>\t\t\t\t<\/div>\n\t\t\t\t<\/div>\n\t\t\t\t<div class=\"elementor-element elementor-element-ceecd71 elementor-widget elementor-widget-text-editor\" data-id=\"ceecd71\" data-element_type=\"widget\" data-widget_type=\"text-editor.default\">\n\t\t\t\t<div class=\"elementor-widget-container\">\n\t\t\t\t\t\t\t\t\t<ol><li>Salon Aesthetics Paradise oferuje pakiety us\u0142ug z zakresu medycyny estetycznej, kosmetologii stosowanej,\u00a0licznych zabieg\u00f3w na twarz\/cia\u0142o z wykorzystaniem maszyn, konsultacji kosmetycznych, mo\u017cliwo\u015b\u0107 zakupu bon\u00f3w upominkowych, pakiet\u00f3w zabiegowych i innych us\u0142ug.\u00a0<\/li><li>Przed przyst\u0105pieniem do zabiegu Kosmetolog przeprowadza z Klientem wywiad w celu ustalenia czy na stan zdrowia Klienta, przebyte lub obecne choroby, jak r\u00f3wnie\u017c tryb \u017cycia nie stanowi\u0105 przeciwwskaza\u0144 do odbycia Zabiegu lub nie stwarzaj\u0105 ryzyka wyst\u0105pienia skutk\u00f3w ubocznych oraz w celu ustalenia zalece\u0144 pozabiegowych.<\/li><li>Udost\u0119pnienie danych osobowych przez Klient\u00f3w na ankietach, kartach klienta, w programie lojalno\u015bciowym jest r\u00f3wnoznaczne ze zgod\u0105 na przetwarzanie danych<\/li><li>Ka\u017cdy Klient jest zaznajamiany z przeciwwskazaniami, skutkami ubocznymi i zaleceniami pozabiegowymi, a przyst\u0119puj\u0105c do Zabiegu maj\u0105 ich pe\u0142n\u0105 \u015bwiadomo\u015b\u0107 i je akceptuj\u0105.\u00a0<\/li><li>Klienci, przed rozpocz\u0119ciem Zabiegu, maj\u0105 obowi\u0105zek powiadomienia Pracownika o wszelkich dolegliwo\u015bciach i przeciwwskazaniach, kt\u00f3re mog\u0105 wp\u0142yn\u0105\u0107 na przebieg Zabiegu<\/li><li>Klient jest obowi\u0105zany do nieposiadania w czasie zabiegu jakiejkolwiek bi\u017cuterii. Wszelkie kosztowno\u015bci winny by\u0107 przechowywane przez Klienta na jego odpowiedzialno\u015b\u0107<\/li><li>Klienci zobowi\u0105zani s\u0105 do natychmiastowego poinformowania Kosmetologa o pogorszeniu swojego samopoczucia w trakcie wykonywania Zabiegu.<\/li><li>W razie w\u0105tpliwo\u015bci w zakresie bezpiecze\u0144stwa przeprowadzenia zabiegu, Kosmetolog mo\u017ce odm\u00f3wi\u0107 jego przeprowadzenia<\/li><li>Brak akceptacji regulaminu jest jednoznaczny z rezygnacj\u0105 z us\u0142ugi.<\/li><\/ol>\t\t\t\t\t\t\t\t<\/div>\n\t\t\t\t<\/div>\n\t\t\t\t<div class=\"elementor-element elementor-element-1acd9c7 elementor-widget elementor-widget-heading\" data-id=\"1acd9c7\" data-element_type=\"widget\" data-widget_type=\"heading.default\">\n\t\t\t\t<div class=\"elementor-widget-container\">\n\t\t\t\t\t<h2 class=\"elementor-heading-title elementor-size-default\">P\u0142atno\u015b\u0107<\/h2>\t\t\t\t<\/div>\n\t\t\t\t<\/div>\n\t\t\t\t<div class=\"elementor-element elementor-element-28b301d elementor-widget elementor-widget-text-editor\" data-id=\"28b301d\" data-element_type=\"widget\" data-widget_type=\"text-editor.default\">\n\t\t\t\t<div class=\"elementor-widget-container\">\n\t\t\t\t\t\t\t\t\t<ol><li>Klient jest obowi\u0105zany do zap\u0142aty za wykonane us\u0142ugi kosmetyczne. Cennik Zabieg\u00f3w jest dost\u0119pny w Salonie oraz w Internecie.<\/li><li>Ceny zawarte w ofercie\u00a0 i na stronie internetowej, mog\u0105 ulec zmianie. Nie dotyczy to wcze\u015bniej zakupionych karnet\u00f3w, pakiet\u00f3w i bon\u00f3w upominkowych. W przypadku zmiany cennika, klient b\u0119dzie informowany o tym przed wykonaniem zabiegu<\/li><li>Promocje nie \u0142\u0105cz\u0105 si\u0119 z innymi promocjami i rabatami, chyba \u017ce wyra\u017anie zaznaczono inaczej w ofercie specjalnej.<\/li><li>Vouchery zni\u017ckowe\u2013kwotowe\/promocyjne na wizyty mo\u017cna wykorzysta\u0107 tylko na wybrany zabieg okre\u015blony na voucherach, w wyznaczonym czasie. Czas wa\u017cno\u015bci vouchera, to 3 miesi\u0105ce od dnia zakupu.<\/li><li>Przek\u0142adanie lub odwo\u0142ywanie wizyty z wa\u017cnym bonem upominkowym\/voucherem nast\u0119puje 24h przed wizyt\u0105 w salonie.<\/li><li>Je\u017celi osoba dysponuj\u0105ca bonem upominkowym\/voucherem nie przyjdzie na um\u00f3wion\u0105 godzin\u0119 i nie powiadomi o swojej nieobecno\u015bci, salon traktuje to jako us\u0142ug\u0119 zrealizowan\u0105.<\/li><li>Bon upominkowy jest wypisywany dla konkretnej osoby, na okre\u015blon\u0105 kwot\u0119 lub na konkretnie wybrane zabiegi.<\/li><li>W przypadku zagubienia, utraty, zniszczenia bon\u00f3w\/voucher\u00f3w\/karnet\u00f3w Aesthetics Paradise nie ponosi odpowiedzialno\u015bci, ani nie przewiduje rekompensaty<\/li><li>Bony\/vouchery po dacie wa\u017cno\u015bci nie b\u0119d\u0105 realizowane.<\/li><li>Nie dopuszcza si\u0119 mo\u017cliwo\u015bci zwrotu got\u00f3wki za zakupione bony\/vouchery Istnieje mo\u017cliwo\u015b\u0107 ich zamiany na inne us\u0142ugi dost\u0119pne w salonie do wp\u0142aconej\/podanej kwoty.<\/li><li>W Salonie aceptuje si\u0119 nast\u0119puj\u0105ce sposoby zap\u0142aty: p\u0142atno\u015b\u0107 got\u00f3wk\u0105, p\u0142atno\u015b\u0107 kart\u0105 p\u0142atnicz\u0105, p\u0142atno\u015bci online poprzez paypal, przelew bankowy badz p\u0142atnosc ratalna poprzez strone.<\/li><li>Skorzystanie z promocji zobowi\u0105zuje do p\u0142atno\u015bci got\u00f3wk\u0105<\/li><li>W Salonie dost\u0119pne s\u0105 tak\u017ce pakiety, p\u0142atne z g\u00f3ry, uprawniaj\u0105ce do skorzystania z okre\u015blonej liczby zabieg\u00f3w w okre\u015blonym czasie.<\/li><\/ol>\t\t\t\t\t\t\t\t<\/div>\n\t\t\t\t<\/div>\n\t\t\t\t<div class=\"elementor-element elementor-element-520e52a elementor-widget elementor-widget-heading\" data-id=\"520e52a\" data-element_type=\"widget\" data-widget_type=\"heading.default\">\n\t\t\t\t<div class=\"elementor-widget-container\">\n\t\t\t\t\t<h2 class=\"elementor-heading-title elementor-size-default\">Odpowiedzialno\u015b\u0107<\/h2>\t\t\t\t<\/div>\n\t\t\t\t<\/div>\n\t\t\t\t<div class=\"elementor-element elementor-element-0dfd8cf elementor-widget elementor-widget-text-editor\" data-id=\"0dfd8cf\" data-element_type=\"widget\" data-widget_type=\"text-editor.default\">\n\t\t\t\t<div class=\"elementor-widget-container\">\n\t\t\t\t\t\t\t\t\t<ol><li>Recepcja salonu jak i hall s\u0105 monitorowane.<\/li><li>Salon jest obj\u0119ty wewn\u0119trznym monitoringiem, ze wzgl\u0119du na bezpiecze\u0144stwo klient\u00f3w oraz obs\u0142ugi salonu. Akceptacja regulaminu salonu\u00a0 kosmetycznego Aesthetics Paradise jest r\u00f3wnoznaczna z akceptacj\u0105 na rejestracj\u0119 wizerunku.<\/li><li>Za wszelkie uszkodzenia wyposa\u017cenia Salonu Klienci odpowiadaj\u0105 bez ogranicze\u0144. Za uszkodzenia spowodowane przez osoby niepe\u0142noletnie odpowiedzialne ich ustawowi przedstawiciele.<\/li><li>Salon nie ponosi odpowiedzialno\u015b\u0107 za okrycia wierzchnie. Salon nie ponosi odpowiedzialno\u015bci za jakiekolwiek rzeczy pozostawione w okryciu wierzchnim w szczeg\u00f3lno\u015bci rzeczy warto\u015bciowe, torby, plecaki i torebki, kt\u00f3re Klient powinien zatrzyma\u0107 przy sobie.<\/li><li>Niezastosowanie si\u0119 Klienta do postanowie\u0144 Regulaminu lub z\u0142o\u017cenie nieprawdziwych o\u015bwiadcze\u0144 w przedmiocie swojego stanu zdrowia i przeciwwskaza\u0144 lub w wywiadzie, skutkuje wy\u0142\u0105czeniem odpowiedzialno\u015bci za wykonany Zabieg po stronie Salonu<\/li><li>Salon nie odpowiada za niezadowolenie Klienta z efektu ko\u0144cowego Zabiegu, wynikaj\u0105cego z subiektywnych odczu\u0107. Zabiegi s\u0105 wykonywane w spos\u00f3b profesjonalny, zgodny ze sztuk\u0105, a ka\u017cdy klient jest u\u015bwiadamiany, \u017ce efekty zabiegu s\u0105 uwarunkowane osobniczo i mog\u0105 nie by\u0107 w pe\u0142ni satysfakcjonuj\u0105ce.<\/li><\/ol>\t\t\t\t\t\t\t\t<\/div>\n\t\t\t\t<\/div>\n\t\t\t\t<div class=\"elementor-element elementor-element-73fe08f elementor-widget elementor-widget-heading\" data-id=\"73fe08f\" data-element_type=\"widget\" data-widget_type=\"heading.default\">\n\t\t\t\t<div class=\"elementor-widget-container\">\n\t\t\t\t\t<h2 class=\"elementor-heading-title elementor-size-default\">Zadatki i odwo\u0142ywanie wizyt<\/h2>\t\t\t\t<\/div>\n\t\t\t\t<\/div>\n\t\t\t\t<div class=\"elementor-element elementor-element-c29f63e elementor-widget elementor-widget-text-editor\" data-id=\"c29f63e\" data-element_type=\"widget\" data-widget_type=\"text-editor.default\">\n\t\t\t\t<div class=\"elementor-widget-container\">\n\t\t\t\t\t\t\t\t\t<ol><li>Klient w celu rezerwacji terminu wizyty winien jest ui\u015bci\u0107 zadatek, kt\u00f3rego kwota jest zale\u017cna od kwoty zabiegu.<\/li><li>Nieprzyst\u0105pienie do zabiegu w um\u00f3wionym terminie lub odwo\u0142anie terminu na mniej ni\u017c 24 godziny przed jego rozpocz\u0119ciem, uprawnia Salon do zachowania i nie zwracania zadatku.<\/li><li>W celu um\u00f3wienia ponownej wizyty klient winien jest zap\u0142aci\u0107 ponowny zadatek.<\/li><\/ol>\t\t\t\t\t\t\t\t<\/div>\n\t\t\t\t<\/div>\n\t\t\t\t\t<\/div>\n\t\t\t\t<\/div>\n\t\t\t\t<\/div>\n\t\t","protected":false},"excerpt":{"rendered":"<p>Regulamin Decyduj\u0105c si\u0119 na skorzystanie z oferowanych us\u0142ug akceptujesz i respektujesz poni\u017cszy regulamin. Higiena i bezpiecze\u0144stwo Powierzchnie p\u0142askie oraz inne [&hellip;]<\/p>\n","protected":false},"author":1,"featured_media":0,"parent":0,"menu_order":0,"comment_status":"closed","ping_status":"closed","template":"","meta":{"site-sidebar-layout":"no-sidebar","site-content-layout":"","ast-site-content-layout":"full-width-container","site-content-style":"default","site-sidebar-style":"default","ast-global-header-display":"","ast-banner-title-visibility":"","ast-main-header-display":"","ast-hfb-above-header-display":"","ast-hfb-below-header-display":"","ast-hfb-mobile-header-display":"","site-post-title":"disabled","ast-breadcrumbs-content":"","ast-featured-img":"disabled","footer-sml-layout":"","theme-transparent-header-meta":"default","adv-header-id-meta":"","stick-header-meta":"","header-above-stick-meta":"","header-main-stick-meta":"","header-below-stick-meta":"","astra-migrate-meta-layouts":"set","ast-page-background-enabled":"default","ast-page-background-meta":{"desktop":{"background-color":"var(--ast-global-color-4)","background-image":"","background-repeat":"repeat","background-position":"center center","background-size":"auto","background-attachment":"scroll","background-type":"","background-media":"","overlay-type":"","overlay-color":"","overlay-gradient":""},"tablet":{"background-color":"","background-image":"","background-repeat":"repeat","background-position":"center center","background-size":"auto","background-attachment":"scroll","background-type":"","background-media":"","overlay-type":"","overlay-color":"","overlay-gradient":""},"mobile":{"background-color":"","background-image":"","background-repeat":"repeat","background-position":"center center","background-size":"auto","background-attachment":"scroll","background-type":"","background-media":"","overlay-type":"","overlay-color":"","overlay-gradient":""}},"ast-content-background-meta":{"desktop":{"background-color":"var(--ast-global-color-5)","background-image":"","background-repeat":"repeat","background-position":"center center","background-size":"auto","background-attachment":"scroll","background-type":"","background-media":"","overlay-type":"","overlay-color":"","overlay-gradient":""},"tablet":{"background-color":"var(--ast-global-color-5)","background-image":"","background-repeat":"repeat","background-position":"center center","background-size":"auto","background-attachment":"scroll","background-type":"","background-media":"","overlay-type":"","overlay-color":"","overlay-gradient":""},"mobile":{"background-color":"var(--ast-global-color-5)","background-image":"","background-repeat":"repeat","background-position":"center center","background-size":"auto","background-attachment":"scroll","background-type":"","background-media":"","overlay-type":"","overlay-color":"","overlay-gradient":""}},"footnotes":""},"class_list":["post-1823","page","type-page","status-publish","hentry"],"_links":{"self":[{"href":"https:\/\/aesthetics-paradise.com\/pl\/wp-json\/wp\/v2\/pages\/1823","targetHints":{"allow":["GET"]}}],"collection":[{"href":"https:\/\/aesthetics-paradise.com\/pl\/wp-json\/wp\/v2\/pages"}],"about":[{"href":"https:\/\/aesthetics-paradise.com\/pl\/wp-json\/wp\/v2\/types\/page"}],"author":[{"embeddable":true,"href":"https:\/\/aesthetics-paradise.com\/pl\/wp-json\/wp\/v2\/users\/1"}],"replies":[{"embeddable":true,"href":"https:\/\/aesthetics-paradise.com\/pl\/wp-json\/wp\/v2\/comments?post=1823"}],"version-history":[{"count":13,"href":"https:\/\/aesthetics-paradise.com\/pl\/wp-json\/wp\/v2\/pages\/1823\/revisions"}],"predecessor-version":[{"id":1838,"href":"https:\/\/aesthetics-paradise.com\/pl\/wp-json\/wp\/v2\/pages\/1823\/revisions\/1838"}],"wp:attachment":[{"href":"https:\/\/aesthetics-paradise.com\/pl\/wp-json\/wp\/v2\/media?parent=1823"}],"curies":[{"name":"wp","href":"https:\/\/api.w.org\/{rel}","templated":true}]}}