{"id":125,"date":"2024-05-07T17:31:33","date_gmt":"2024-05-07T15:31:33","guid":{"rendered":"https:\/\/aesthetics-paradise.com\/?page_id=125"},"modified":"2024-06-26T16:19:24","modified_gmt":"2024-06-26T14:19:24","slug":"zabiegi-autologiczne","status":"publish","type":"page","link":"https:\/\/aesthetics-paradise.com\/pl\/zabiegi-autologiczne\/","title":{"rendered":"Zabiegi autologiczne"},"content":{"rendered":"\t\t<div data-elementor-type=\"wp-page\" data-elementor-id=\"125\" class=\"elementor elementor-125\" data-elementor-post-type=\"page\">\n\t\t\t\t<div class=\"elementor-element elementor-element-94ef637 e-flex e-con-boxed e-con e-parent\" data-id=\"94ef637\" data-element_type=\"container\">\n\t\t\t\t\t<div class=\"e-con-inner\">\n\t\t\t\t<div class=\"elementor-element elementor-element-10cca55 elementor-widget elementor-widget-spacer\" data-id=\"10cca55\" data-element_type=\"widget\" data-widget_type=\"spacer.default\">\n\t\t\t\t<div class=\"elementor-widget-container\">\n\t\t\t\t\t\t\t<div class=\"elementor-spacer\">\n\t\t\t<div class=\"elementor-spacer-inner\"><\/div>\n\t\t<\/div>\n\t\t\t\t\t\t<\/div>\n\t\t\t\t<\/div>\n\t\t<div class=\"elementor-element elementor-element-640aa3c e-flex e-con-boxed e-con e-child\" data-id=\"640aa3c\" data-element_type=\"container\">\n\t\t\t\t\t<div class=\"e-con-inner\">\n\t\t<div class=\"elementor-element elementor-element-3eb9289 e-con-full elementor-hidden-mobile e-flex e-con e-child\" data-id=\"3eb9289\" data-element_type=\"container\" data-settings=\"{&quot;background_background&quot;:&quot;classic&quot;}\">\n\t\t\t\t<div class=\"elementor-element elementor-element-4a5ff02 elementor-widget elementor-widget-image\" data-id=\"4a5ff02\" data-element_type=\"widget\" data-widget_type=\"image.default\">\n\t\t\t\t<div class=\"elementor-widget-container\">\n\t\t\t\t\t\t\t\t\t\t\t\t\t\t\t<img fetchpriority=\"high\" decoding=\"async\" width=\"1024\" height=\"681\" src=\"https:\/\/aesthetics-paradise.com\/wp-content\/uploads\/2024\/05\/woman-getting-face-prp-treatment-1024x681.jpg\" class=\"attachment-large size-large wp-image-690\" alt=\"\" srcset=\"https:\/\/aesthetics-paradise.com\/wp-content\/uploads\/2024\/05\/woman-getting-face-prp-treatment-1024x681.jpg 1024w, https:\/\/aesthetics-paradise.com\/wp-content\/uploads\/2024\/05\/woman-getting-face-prp-treatment-scaled-600x399.jpg 600w, https:\/\/aesthetics-paradise.com\/wp-content\/uploads\/2024\/05\/woman-getting-face-prp-treatment-300x200.jpg 300w, https:\/\/aesthetics-paradise.com\/wp-content\/uploads\/2024\/05\/woman-getting-face-prp-treatment-768x511.jpg 768w, https:\/\/aesthetics-paradise.com\/wp-content\/uploads\/2024\/05\/woman-getting-face-prp-treatment-1536x1022.jpg 1536w, https:\/\/aesthetics-paradise.com\/wp-content\/uploads\/2024\/05\/woman-getting-face-prp-treatment-2048x1363.jpg 2048w, https:\/\/aesthetics-paradise.com\/wp-content\/uploads\/2024\/05\/woman-getting-face-prp-treatment-1320x878.jpg 1320w\" sizes=\"(max-width: 1024px) 100vw, 1024px\" \/>\t\t\t\t\t\t\t\t\t\t\t\t\t\t\t<\/div>\n\t\t\t\t<\/div>\n\t\t\t\t<\/div>\n\t\t<div class=\"elementor-element elementor-element-ac28ebb e-con-full e-flex e-con e-child\" data-id=\"ac28ebb\" data-element_type=\"container\" data-settings=\"{&quot;background_background&quot;:&quot;classic&quot;}\">\n\t\t\t\t<div class=\"elementor-element elementor-element-a1618a8 elementor-widget elementor-widget-heading\" data-id=\"a1618a8\" data-element_type=\"widget\" data-widget_type=\"heading.default\">\n\t\t\t\t<div class=\"elementor-widget-container\">\n\t\t\t\t\t<h2 class=\"elementor-heading-title elementor-size-default\">Zabiegi autologiczne<\/h2>\t\t\t\t<\/div>\n\t\t\t\t<\/div>\n\t\t\t\t<div class=\"elementor-element elementor-element-a28e915 elementor-widget elementor-widget-heading\" data-id=\"a28e915\" data-element_type=\"widget\" data-widget_type=\"heading.default\">\n\t\t\t\t<div class=\"elementor-widget-container\">\n\t\t\t\t\t<h2 class=\"elementor-heading-title elementor-size-default\">Zach\u0119camy do zapoznania si\u0119 z nasz\u0105 ofert\u0105 autologicznych zabieg\u00f3w, kt\u00f3re wykorzystuj\u0105 naturalne zdolno\u015bci regeneracyjne Twojego cia\u0142a, by odm\u0142odzi\u0107 i poprawi\u0107 stan sk\u00f3ry. Nasze procedury s\u0105 w pe\u0142ni naturalne i bezpieczne, opieraj\u0105c si\u0119 na wykorzystaniu w\u0142asnych tkanek pacjenta, takich jak osocze bogatop\u0142ytkowe (PRP) czy kom\u00f3rki macierzyste. Dzi\u0119ki temu minimalizujemy ryzyko reakcji alergicznych i zapewniamy wysok\u0105 efektywno\u015b\u0107 zabieg\u00f3w.<\/h2>\t\t\t\t<\/div>\n\t\t\t\t<\/div>\n\t\t\t\t<div class=\"elementor-element elementor-element-b1c19f6 elementor-align-left elementor-mobile-align-center elementor-hidden-mobile elementor-widget elementor-widget-button\" data-id=\"b1c19f6\" data-element_type=\"widget\" data-widget_type=\"button.default\">\n\t\t\t\t<div class=\"elementor-widget-container\">\n\t\t\t\t\t\t\t\t\t<div class=\"elementor-button-wrapper\">\n\t\t\t\t\t<a class=\"elementor-button elementor-button-link elementor-size-sm elementor-animation-shrink\" href=\"https:\/\/aesthetics-paradise.com\/#kontakt\">\n\t\t\t\t\t\t<span class=\"elementor-button-content-wrapper\">\n\t\t\t\t\t\t\t\t\t<span class=\"elementor-button-text\">Kontakt<\/span>\n\t\t\t\t\t<\/span>\n\t\t\t\t\t<\/a>\n\t\t\t\t<\/div>\n\t\t\t\t\t\t\t\t<\/div>\n\t\t\t\t<\/div>\n\t\t\t\t<\/div>\n\t\t\t\t\t<\/div>\n\t\t\t\t<\/div>\n\t\t\t\t\t<\/div>\n\t\t\t\t<\/div>\n\t\t<div class=\"elementor-element elementor-element-d5ecf4b e-flex e-con-boxed e-con e-parent\" data-id=\"d5ecf4b\" data-element_type=\"container\">\n\t\t\t\t\t<div class=\"e-con-inner\">\n\t\t\t\t<div class=\"elementor-element elementor-element-24e58d8 elementor-widget elementor-widget-spacer\" data-id=\"24e58d8\" data-element_type=\"widget\" data-widget_type=\"spacer.default\">\n\t\t\t\t<div class=\"elementor-widget-container\">\n\t\t\t\t\t\t\t<div class=\"elementor-spacer\">\n\t\t\t<div class=\"elementor-spacer-inner\"><\/div>\n\t\t<\/div>\n\t\t\t\t\t\t<\/div>\n\t\t\t\t<\/div>\n\t\t\t\t<div class=\"elementor-element elementor-element-cde9227 elementor-widget elementor-widget-heading\" data-id=\"cde9227\" data-element_type=\"widget\" data-widget_type=\"heading.default\">\n\t\t\t\t<div class=\"elementor-widget-container\">\n\t\t\t\t\t<h2 class=\"elementor-heading-title elementor-size-default\">Osocze bogatop\u0142ytkowe<\/h2>\t\t\t\t<\/div>\n\t\t\t\t<\/div>\n\t\t\t\t<div class=\"elementor-element elementor-element-2f86578 elementor-widget elementor-widget-heading\" data-id=\"2f86578\" data-element_type=\"widget\" data-widget_type=\"heading.default\">\n\t\t\t\t<div class=\"elementor-widget-container\">\n\t\t\t\t\t<h2 class=\"elementor-heading-title elementor-size-default\">Osocze bogatop\u0142ytkowe PRP (Platelet Rich Plasma)   jest jedn\u0105 z najbardziej naturalnych terapii i posiada szerokie zastosowanie. Zawarte w nim czynniki wzrostu wspomagaj\u0105 namna\u017canie kom\u00f3rek macierzystych i pobudzaj\u0105 fibroblasty do wytwarzania nowego kolagenu.\nZabiegi osoczem doskonale sprawdzaj\u0105 si\u0119 w ramach zabieg\u00f3w regeneracji, rewitalizacji sk\u00f3ry oraz w celu op\u00f3\u017anienia procesu starzenia.\n<\/h2>\t\t\t\t<\/div>\n\t\t\t\t<\/div>\n\t\t\t\t<div class=\"elementor-element elementor-element-6cd9531 elementor-widget elementor-widget-heading\" data-id=\"6cd9531\" data-element_type=\"widget\" data-widget_type=\"heading.default\">\n\t\t\t\t<div class=\"elementor-widget-container\">\n\t\t\t\t\t<h2 class=\"elementor-heading-title elementor-size-default\">Fibryna bogatop\u0142ytkowa<\/h2>\t\t\t\t<\/div>\n\t\t\t\t<\/div>\n\t\t\t\t<div class=\"elementor-element elementor-element-f0865d6 elementor-widget elementor-widget-heading\" data-id=\"f0865d6\" data-element_type=\"widget\" data-widget_type=\"heading.default\">\n\t\t\t\t<div class=\"elementor-widget-container\">\n\t\t\t\t\t<h2 class=\"elementor-heading-title elementor-size-default\">Fibryna bogatop\u0142ytkowa I-PRF (Injectable Platelet Rich Fibrin) uzyskiwana w podobny spos\u00f3b jak osocze, bo z w\u0142asnej krwi. Zawieszone na w\u0142\u00f3knach fibryny p\u0142ytki krwi powoli uwalniaj\u0105 czynniki wzrostu. Dzi\u0119ki temu powolnemu uwalnianiu, uzyskujemy silniejsze efekty stymuluj\u0105ce i regeneracj\u0119.<\/h2>\t\t\t\t<\/div>\n\t\t\t\t<\/div>\n\t\t\t\t<div class=\"elementor-element elementor-element-9e2efe0 elementor-widget elementor-widget-heading\" data-id=\"9e2efe0\" data-element_type=\"widget\" data-widget_type=\"heading.default\">\n\t\t\t\t<div class=\"elementor-widget-container\">\n\t\t\t\t\t<h2 class=\"elementor-heading-title elementor-size-default\">Plasma complex<\/h2>\t\t\t\t<\/div>\n\t\t\t\t<\/div>\n\t\t\t\t<div class=\"elementor-element elementor-element-83c049d elementor-widget elementor-widget-heading\" data-id=\"83c049d\" data-element_type=\"widget\" data-widget_type=\"heading.default\">\n\t\t\t\t<div class=\"elementor-widget-container\">\n\t\t\t\t\t<h2 class=\"elementor-heading-title elementor-size-default\">Innowacyjna i bezpieczna terapia wykorzystuj\u0105ca spektakularne po\u0142\u0105czenie skoncentrowanych czynnik\u00f3w wzrostu i kom\u00f3rek macierzystych. Prze\u0142omowa technologia frakcjonowania w\u0142asnej krwi pacjenta pozwala pozyska\u0107 dwie frakcje fibryny bogatop\u0142ytkowej.<\/h2>\t\t\t\t<\/div>\n\t\t\t\t<\/div>\n\t\t\t\t<div class=\"elementor-element elementor-element-e4b811f elementor-widget elementor-widget-spacer\" data-id=\"e4b811f\" data-element_type=\"widget\" data-widget_type=\"spacer.default\">\n\t\t\t\t<div class=\"elementor-widget-container\">\n\t\t\t\t\t\t\t<div class=\"elementor-spacer\">\n\t\t\t<div class=\"elementor-spacer-inner\"><\/div>\n\t\t<\/div>\n\t\t\t\t\t\t<\/div>\n\t\t\t\t<\/div>\n\t\t\t\t\t<\/div>\n\t\t\t\t<\/div>\n\t\t\t\t<\/div>\n\t\t","protected":false},"excerpt":{"rendered":"<p>Zabiegi autologiczne Zach\u0119camy do zapoznania si\u0119 z nasz\u0105 ofert\u0105 autologicznych zabieg\u00f3w, kt\u00f3re wykorzystuj\u0105 naturalne zdolno\u015bci regeneracyjne Twojego cia\u0142a, by odm\u0142odzi\u0107 [&hellip;]<\/p>\n","protected":false},"author":1,"featured_media":0,"parent":0,"menu_order":0,"comment_status":"closed","ping_status":"closed","template":"","meta":{"site-sidebar-layout":"no-sidebar","site-content-layout":"","ast-site-content-layout":"full-width-container","site-content-style":"default","site-sidebar-style":"default","ast-global-header-display":"","ast-banner-title-visibility":"","ast-main-header-display":"","ast-hfb-above-header-display":"","ast-hfb-below-header-display":"","ast-hfb-mobile-header-display":"","site-post-title":"disabled","ast-breadcrumbs-content":"","ast-featured-img":"disabled","footer-sml-layout":"","theme-transparent-header-meta":"","adv-header-id-meta":"","stick-header-meta":"","header-above-stick-meta":"","header-main-stick-meta":"","header-below-stick-meta":"","astra-migrate-meta-layouts":"default","ast-page-background-enabled":"default","ast-page-background-meta":{"desktop":{"background-color":"var(--ast-global-color-4)","background-image":"","background-repeat":"repeat","background-position":"center center","background-size":"auto","background-attachment":"scroll","background-type":"","background-media":"","overlay-type":"","overlay-color":"","overlay-gradient":""},"tablet":{"background-color":"","background-image":"","background-repeat":"repeat","background-position":"center center","background-size":"auto","background-attachment":"scroll","background-type":"","background-media":"","overlay-type":"","overlay-color":"","overlay-gradient":""},"mobile":{"background-color":"","background-image":"","background-repeat":"repeat","background-position":"center center","background-size":"auto","background-attachment":"scroll","background-type":"","background-media":"","overlay-type":"","overlay-color":"","overlay-gradient":""}},"ast-content-background-meta":{"desktop":{"background-color":"var(--ast-global-color-5)","background-image":"","background-repeat":"repeat","background-position":"center center","background-size":"auto","background-attachment":"scroll","background-type":"","background-media":"","overlay-type":"","overlay-color":"","overlay-gradient":""},"tablet":{"background-color":"var(--ast-global-color-5)","background-image":"","background-repeat":"repeat","background-position":"center center","background-size":"auto","background-attachment":"scroll","background-type":"","background-media":"","overlay-type":"","overlay-color":"","overlay-gradient":""},"mobile":{"background-color":"var(--ast-global-color-5)","background-image":"","background-repeat":"repeat","background-position":"center center","background-size":"auto","background-attachment":"scroll","background-type":"","background-media":"","overlay-type":"","overlay-color":"","overlay-gradient":""}},"footnotes":""},"class_list":["post-125","page","type-page","status-publish","hentry"],"_links":{"self":[{"href":"https:\/\/aesthetics-paradise.com\/pl\/wp-json\/wp\/v2\/pages\/125","targetHints":{"allow":["GET"]}}],"collection":[{"href":"https:\/\/aesthetics-paradise.com\/pl\/wp-json\/wp\/v2\/pages"}],"about":[{"href":"https:\/\/aesthetics-paradise.com\/pl\/wp-json\/wp\/v2\/types\/page"}],"author":[{"embeddable":true,"href":"https:\/\/aesthetics-paradise.com\/pl\/wp-json\/wp\/v2\/users\/1"}],"replies":[{"embeddable":true,"href":"https:\/\/aesthetics-paradise.com\/pl\/wp-json\/wp\/v2\/comments?post=125"}],"version-history":[{"count":10,"href":"https:\/\/aesthetics-paradise.com\/pl\/wp-json\/wp\/v2\/pages\/125\/revisions"}],"predecessor-version":[{"id":1049,"href":"https:\/\/aesthetics-paradise.com\/pl\/wp-json\/wp\/v2\/pages\/125\/revisions\/1049"}],"wp:attachment":[{"href":"https:\/\/aesthetics-paradise.com\/pl\/wp-json\/wp\/v2\/media?parent=125"}],"curies":[{"name":"wp","href":"https:\/\/api.w.org\/{rel}","templated":true}]}}